{"id":5781,"date":"2022-02-10T14:14:26","date_gmt":"2022-02-10T13:14:26","guid":{"rendered":"https:\/\/morganmadison.se\/lyxiga-sangklader\/"},"modified":"2025-08-12T10:41:08","modified_gmt":"2025-08-12T08:41:08","slug":"lyxiga-sangklader","status":"publish","type":"page","link":"https:\/\/morganmadison.se\/en\/lyxiga-sangklader\/","title":{"rendered":"Lyxiga s\u00e4ngkl\u00e4der"},"content":{"rendered":"<p>[et_pb_section fb_built=&#8221;1&#8243; _builder_version=&#8221;4.7.5&#8243; _module_preset=&#8221;default&#8221; custom_padding=&#8221;0px||||false|false&#8221;][et_pb_row _builder_version=&#8221;4.7.5&#8243; _module_preset=&#8221;default&#8221; width=&#8221;100vw&#8221; custom_margin=&#8221;0px||||false|false&#8221; custom_padding=&#8221;0px||||false|false&#8221;][et_pb_column type=&#8221;4_4&#8243; _builder_version=&#8221;4.7.5&#8243; _module_preset=&#8221;default&#8221;][et_pb_cta title=&#8221;Lyxiga s\u00e4ngkl\u00e4der&#8221; admin_label=&#8221;Uppmaning till handling&#8221; _builder_version=&#8221;4.7.5&#8243; _module_preset=&#8221;default&#8221; header_level=&#8221;h1&#8243; header_text_align=&#8221;center&#8221; header_text_color=&#8221;#ffffff&#8221; header_font_size=&#8221;30px&#8221; header_line_height=&#8221;1.3em&#8221; body_font=&#8221;|600|||||||&#8221; body_text_align=&#8221;center&#8221; background_image=&#8221;https:\/\/morganmadison.se\/wp-content\/uploads\/2022\/02\/Mogan-Madsion_Bed_16X6.jpg&#8221; height=&#8221;55vh&#8221; custom_css_main_element=&#8221;display: flex;||align-items: center;||justify-content: center;&#8221; custom_css_promo_description=&#8221;width: 800px;&#8221;]<\/p>\n<h1>\u00a0<\/h1>\n<p>&nbsp;<\/p>\n<p>[\/et_pb_cta][\/et_pb_column][\/et_pb_row][\/et_pb_section][et_pb_section fb_built=&#8221;1&#8243; _builder_version=&#8221;4.7.5&#8243; _module_preset=&#8221;default&#8221; custom_margin=&#8221;0px||||false|false&#8221; custom_padding=&#8221;0px||||false|false&#8221;][et_pb_row _builder_version=&#8221;4.7.5&#8243; _module_preset=&#8221;default&#8221; width=&#8221;45vw&#8221; width_tablet=&#8221;&#8221; width_phone=&#8221;90vw&#8221; width_last_edited=&#8221;on|phone&#8221; custom_margin=&#8221;5vh||||false|false&#8221; custom_padding=&#8221;||0px|||&#8221;][et_pb_column type=&#8221;4_4&#8243; _builder_version=&#8221;4.7.5&#8243; _module_preset=&#8221;default&#8221;][et_pb_text admin_label=&#8221;Text&#8221; _builder_version=&#8221;4.7.5&#8243; _module_preset=&#8221;default&#8221; header_5_font=&#8221;Montserrat|500|||||||&#8221; header_5_font_size=&#8221;17px&#8221; custom_padding=&#8221;||0px|||&#8221;]<\/p>\n<h2>Lyxiga s\u00e4ngkl\u00e4der med hotellk\u00e4nsla<\/h2>\n<p>\u00d6nskar du samma lyxiga k\u00e4nsla hemma som n\u00e4r du bor p\u00e5 hotell? D\u00e5 \u00e4r v\u00e5ra b\u00e4ddset ett utm\u00e4rkt val f\u00f6r dig. Med v\u00e5ra mjuka och luftiga s\u00e4ngkl\u00e4der av h\u00f6gsta kvalitet kan du njuta av en god natts s\u00f6mn och vakna upp utvilad varje morgon.<\/p>\n<p><strong>V\u00e4lkommen att uppt\u00e4cka v\u00e5rt utvalda sortiment.<\/strong><\/p>\n<p>[\/et_pb_text][\/et_pb_column][\/et_pb_row][\/et_pb_section][et_pb_section fb_built=&#8221;1&#8243; _builder_version=&#8221;4.7.5&#8243; _module_preset=&#8221;default&#8221; background_color=&#8221;#f1f1f1&#8243;][et_pb_row _builder_version=&#8221;4.7.5&#8243; _module_preset=&#8221;default&#8221;][et_pb_column type=&#8221;4_4&#8243; _builder_version=&#8221;4.7.5&#8243; _module_preset=&#8221;default&#8221;][et_pb_shop type=&#8221;product_category&#8221; posts_number=&#8221;4&#8243; include_categories=&#8221;126&#8243; admin_label=&#8221;Butik&#8221; _builder_version=&#8221;4.7.5&#8243; _module_preset=&#8221;default&#8221; title_text_align=&#8221;center&#8221; title_font_size=&#8221;12px&#8221; price_text_align=&#8221;center&#8221; background_color=&#8221;#f1f1f1&#8243; custom_css_product=&#8221;background: white;||&#8221; custom_css_price=&#8221;padding: 1vh 1vw 1vh 1vw;&#8221;][\/et_pb_shop][\/et_pb_column][\/et_pb_row][\/et_pb_section][et_pb_section fb_built=&#8221;1&#8243; _builder_version=&#8221;4.7.5&#8243; _module_preset=&#8221;default&#8221; custom_padding=&#8221;||5vh||false|false&#8221;][et_pb_row _builder_version=&#8221;4.7.5&#8243; _module_preset=&#8221;default&#8221; width=&#8221;45vw&#8221; width_tablet=&#8221;&#8221; width_phone=&#8221;90vw&#8221; width_last_edited=&#8221;on|phone&#8221; custom_margin=&#8221;0vh|auto|5vh|auto|false|false&#8221; custom_padding=&#8221;43px||0px|||&#8221;][et_pb_column type=&#8221;4_4&#8243; _builder_version=&#8221;4.7.5&#8243; _module_preset=&#8221;default&#8221;][et_pb_text _builder_version=&#8221;4.7.5&#8243; _module_preset=&#8221;default&#8221; header_5_font=&#8221;Montserrat|500|||||||&#8221; header_5_font_size=&#8221;17px&#8221; custom_padding=&#8221;||19px|||&#8221;]<\/p>\n<h3>Lyxigt b\u00e4ddset f\u00f6r hemmet<\/h3>\n<p>Exklusiva hotell karakt\u00e4riseras av lakan med sval krispighet och en viss str\u00e4vhet. Dess enkelhet, kombinerat med smakfulla detaljer \u00e4r det som ger s\u00e4ngkl\u00e4derna en k\u00e4nsla av lyx och elegans. N\u00e4r du ska investera i ett b\u00e4ddset till hemmet och vill uppn\u00e5 samma exklusiva k\u00e4nsla som p\u00e5 hotell b\u00f6r du v\u00e4lja stilrena s\u00e4ngkl\u00e4der av god kvalitet. Hos Morgan Madison erbjuder vi lyxiga p\u00e5slakanset tillverkade av bomullspercale. Med stilrena detaljer i form av boudoires\u00f6mmar f\u00e5r du ett b\u00e4ddset som ger dig hotellk\u00e4nsla, b\u00e5de n\u00e4r det kommer till material och utf\u00f6rande. <\/p>\n<h3>S\u00e5 bevarar du hotellk\u00e4nslan efter tv\u00e4tt<\/h3>\n<p>S\u00e4ngkl\u00e4der i percale ger den klassiska krispiga k\u00e4nslan samtidigt som det \u00e4r svalt och sk\u00f6nt mot huden. Percale v\u00e4vs med en teknik som kallas \u201cen tr\u00e5d \u00f6ver och en tr\u00e5d under\u201d vilket ger en t\u00e4t v\u00e4v med en str\u00e4v struktur. Ett krav som st\u00e4lls p\u00e5 s\u00e4ngkl\u00e4der som anv\u00e4nds p\u00e5 hotell \u00e4r att de beh\u00f6ver h\u00e5lla \u00f6ver tid och klara m\u00e5nga tv\u00e4ttar. Eftersom percale \u00e4r ett slitstarkt material tack vare sin v\u00e4vteknik, g\u00e5r det utm\u00e4rkt att tv\u00e4tta b\u00e4ddseten regelbundet i h\u00f6ga temperaturer. En anledning till att lyxigt b\u00e4ddset p\u00e5 hotell \u00e4r s\u00e5 sk\u00f6na beror p\u00e5 att tv\u00e4tterierna varmmanglar s\u00e4ngkl\u00e4derna.  Manglingen pressar s\u00e4ngkl\u00e4derna h\u00e5rt och minskar dammhalten, vilket ger dem en krispig k\u00e4nsla som h\u00e5ller l\u00e4nge d\u00e5 tyget inte drar \u00e5t sig smuts och partiklar lika snabbt.[\/et_pb_text][\/et_pb_column][\/et_pb_row][et_pb_row _builder_version=&#8221;4.7.5&#8243; _module_preset=&#8221;default&#8221; width=&#8221;45vw&#8221; width_tablet=&#8221;&#8221; width_phone=&#8221;90vw&#8221; width_last_edited=&#8221;on|phone&#8221; custom_margin=&#8221;0vh|auto|5vh|auto|false|false&#8221; custom_padding=&#8221;43px||0px|||&#8221;][et_pb_column type=&#8221;4_4&#8243; _builder_version=&#8221;4.7.5&#8243; _module_preset=&#8221;default&#8221;][et_pb_image src=&#8221;https:\/\/morganmadison.se\/wp-content\/uploads\/2022\/02\/Mogan-Madsion_Blackline-1.jpg&#8221; alt=&#8221;lyxiga s\u00e4ngkl\u00e4der fr\u00e5n Morgan Madsion&#8221; title_text=&#8221;Mogan Madsion_Blackline&#8221; _builder_version=&#8221;4.7.5&#8243; _module_preset=&#8221;default&#8221;][\/et_pb_image][et_pb_text admin_label=&#8221;Text&#8221; _builder_version=&#8221;4.7.5&#8243; _module_preset=&#8221;default&#8221; custom_css_main_element=&#8221;text-decoration: underline;&#8221;]<\/p>\n<p><em><a href=\"https:\/\/morganmadison.se\/butik\/bedding\/black-line-bedset\/?lang=en\">V\u00e5ra lyxiga s\u00e4ngkl\u00e4der med svart boudoires\u00f6m, 995 KR<\/a><\/em><\/p>\n<p>[\/et_pb_text][\/et_pb_column][\/et_pb_row][et_pb_row _builder_version=&#8221;4.7.5&#8243; _module_preset=&#8221;default&#8221; width=&#8221;45vw&#8221; width_tablet=&#8221;&#8221; width_phone=&#8221;90vw&#8221; width_last_edited=&#8221;on|phone&#8221; custom_margin=&#8221;0vh|auto|5vh|auto|false|false&#8221; custom_padding=&#8221;1px||0px|||&#8221;][et_pb_column type=&#8221;4_4&#8243; _builder_version=&#8221;4.7.5&#8243; _module_preset=&#8221;default&#8221;][et_pb_text _builder_version=&#8221;4.7.5&#8243; _module_preset=&#8221;default&#8221; header_5_font=&#8221;Montserrat|500|||||||&#8221; header_5_font_size=&#8221;17px&#8221; custom_padding=&#8221;||19px|||&#8221;]<\/p>\n<h3>Milj\u00f6v\u00e4nliga s\u00e4ngkl\u00e4der<\/h3>\n<p>Vi p\u00e5 Morgan Madison tar h\u00e5llbarhet p\u00e5 st\u00f6rsta allvar och producerar alla v\u00e5ra b\u00e4ddset med omsorg f\u00f6r milj\u00f6n. V\u00e5ra lyxiga s\u00e4ngkl\u00e4der har vi l\u00e5tit tillverka i bomullspercale av 100% ekologisk GOTS-m\u00e4rkt bomull och de \u00e4r ut\u00f6ver det \u00e4ven Svanenm\u00e4rkta. Det inneb\u00e4r att du alltid kan sova sk\u00f6nt och med gott samvete n\u00e4r du investerar i p\u00e5slakanset fr\u00e5n oss.<\/p>\n<p>[\/et_pb_text][\/et_pb_column][\/et_pb_row][\/et_pb_section]<\/p>\n","protected":false},"excerpt":{"rendered":"<p>[et_pb_section fb_built=&#8221;1&#8243; _builder_version=&#8221;4.7.5&#8243; _module_preset=&#8221;default&#8221; custom_padding=&#8221;0px||||false|false&#8221;][et_pb_row _builder_version=&#8221;4.7.5&#8243; _module_preset=&#8221;default&#8221; width=&#8221;100vw&#8221; custom_margin=&#8221;0px||||false|false&#8221; custom_padding=&#8221;0px||||false|false&#8221;][et_pb_column type=&#8221;4_4&#8243; _builder_version=&#8221;4.7.5&#8243; _module_preset=&#8221;default&#8221;][et_pb_cta title=&#8221;Lyxiga s\u00e4ngkl\u00e4der&#8221; admin_label=&#8221;Uppmaning till handling&#8221; _builder_version=&#8221;4.7.5&#8243; _module_preset=&#8221;default&#8221; header_level=&#8221;h1&#8243; header_text_align=&#8221;center&#8221; header_text_color=&#8221;#ffffff&#8221; header_font_size=&#8221;30px&#8221; header_line_height=&#8221;1.3em&#8221; body_font=&#8221;|600|||||||&#8221; body_text_align=&#8221;center&#8221; background_image=&#8221;https:\/\/morganmadison.se\/wp-content\/uploads\/2022\/02\/Mogan-Madsion_Bed_16X6.jpg&#8221; height=&#8221;55vh&#8221; custom_css_main_element=&#8221;display: flex;||align-items: center;||justify-content: center;&#8221; custom_css_promo_description=&#8221;width: 800px;&#8221;] \u00a0 &nbsp; [\/et_pb_cta][\/et_pb_column][\/et_pb_row][\/et_pb_section][et_pb_section fb_built=&#8221;1&#8243; _builder_version=&#8221;4.7.5&#8243; _module_preset=&#8221;default&#8221; custom_margin=&#8221;0px||||false|false&#8221; custom_padding=&#8221;0px||||false|false&#8221;][et_pb_row _builder_version=&#8221;4.7.5&#8243; _module_preset=&#8221;default&#8221; width=&#8221;45vw&#8221; width_tablet=&#8221;&#8221; width_phone=&#8221;90vw&#8221; width_last_edited=&#8221;on|phone&#8221; custom_margin=&#8221;5vh||||false|false&#8221; custom_padding=&#8221;||0px|||&#8221;][et_pb_column type=&#8221;4_4&#8243; _builder_version=&#8221;4.7.5&#8243; _module_preset=&#8221;default&#8221;][et_pb_text admin_label=&#8221;Text&#8221; [&hellip;]<\/p>\n","protected":false},"author":8,"featured_media":0,"parent":0,"menu_order":0,"comment_status":"closed","ping_status":"closed","template":"","meta":{"_et_pb_use_builder":"on","_et_pb_old_content":"","_et_gb_content_width":"","footnotes":""},"class_list":["post-5781","page","type-page","status-publish","hentry"],"yoast_head":"<!-- This site is optimized with the Yoast SEO plugin v27.2 - https:\/\/yoast.com\/product\/yoast-seo-wordpress\/ -->\n<title>Lyxiga s\u00e4ngkl\u00e4der - Morgan Madison<\/title>\n<meta name=\"robots\" content=\"index, follow, max-snippet:-1, max-image-preview:large, max-video-preview:-1\" \/>\n<link rel=\"canonical\" href=\"https:\/\/morganmadison.se\/en\/lyxiga-sangklader\/\" \/>\n<meta property=\"og:locale\" content=\"en_US\" \/>\n<meta property=\"og:type\" content=\"article\" \/>\n<meta property=\"og:title\" content=\"Lyxiga s\u00e4ngkl\u00e4der - Morgan Madison\" \/>\n<meta property=\"og:description\" content=\"[et_pb_section fb_built=&#8221;1&#8243; _builder_version=&#8221;4.7.5&#8243; _module_preset=&#8221;default&#8221; custom_padding=&#8221;0px||||false|false&#8221;][et_pb_row _builder_version=&#8221;4.7.5&#8243; _module_preset=&#8221;default&#8221; width=&#8221;100vw&#8221; custom_margin=&#8221;0px||||false|false&#8221; custom_padding=&#8221;0px||||false|false&#8221;][et_pb_column type=&#8221;4_4&#8243; _builder_version=&#8221;4.7.5&#8243; _module_preset=&#8221;default&#8221;][et_pb_cta title=&#8221;Lyxiga s\u00e4ngkl\u00e4der&#8221; admin_label=&#8221;Uppmaning till handling&#8221; _builder_version=&#8221;4.7.5&#8243; _module_preset=&#8221;default&#8221; header_level=&#8221;h1&#8243; header_text_align=&#8221;center&#8221; header_text_color=&#8221;#ffffff&#8221; header_font_size=&#8221;30px&#8221; header_line_height=&#8221;1.3em&#8221; body_font=&#8221;|600|||||||&#8221; body_text_align=&#8221;center&#8221; background_image=&#8221;https:\/\/morganmadison.se\/wp-content\/uploads\/2022\/02\/Mogan-Madsion_Bed_16X6.jpg&#8221; height=&#8221;55vh&#8221; custom_css_main_element=&#8221;display: flex;||align-items: center;||justify-content: center;&#8221; custom_css_promo_description=&#8221;width: 800px;&#8221;] \u00a0 &nbsp; [\/et_pb_cta][\/et_pb_column][\/et_pb_row][\/et_pb_section][et_pb_section fb_built=&#8221;1&#8243; _builder_version=&#8221;4.7.5&#8243; _module_preset=&#8221;default&#8221; custom_margin=&#8221;0px||||false|false&#8221; custom_padding=&#8221;0px||||false|false&#8221;][et_pb_row _builder_version=&#8221;4.7.5&#8243; _module_preset=&#8221;default&#8221; width=&#8221;45vw&#8221; width_tablet=&#8221;&#8221; width_phone=&#8221;90vw&#8221; width_last_edited=&#8221;on|phone&#8221; custom_margin=&#8221;5vh||||false|false&#8221; custom_padding=&#8221;||0px|||&#8221;][et_pb_column type=&#8221;4_4&#8243; _builder_version=&#8221;4.7.5&#8243; _module_preset=&#8221;default&#8221;][et_pb_text admin_label=&#8221;Text&#8221; [&hellip;]\" \/>\n<meta property=\"og:url\" content=\"https:\/\/morganmadison.se\/en\/lyxiga-sangklader\/\" \/>\n<meta property=\"og:site_name\" content=\"Morgan Madison\" \/>\n<meta property=\"article:modified_time\" content=\"2025-08-12T08:41:08+00:00\" \/>\n<meta name=\"twitter:card\" content=\"summary_large_image\" \/>\n<meta name=\"twitter:label1\" content=\"Est. reading time\" \/>\n\t<meta name=\"twitter:data1\" content=\"3 minutes\" \/>\n<script type=\"application\/ld+json\" class=\"yoast-schema-graph\">{\"@context\":\"https:\/\/schema.org\",\"@graph\":[{\"@type\":\"WebPage\",\"@id\":\"https:\/\/morganmadison.se\/en\/lyxiga-sangklader\/\",\"url\":\"https:\/\/morganmadison.se\/en\/lyxiga-sangklader\/\",\"name\":\"Lyxiga s\u00e4ngkl\u00e4der - Morgan Madison\",\"isPartOf\":{\"@id\":\"https:\/\/morganmadison.se\/en\/#website\"},\"datePublished\":\"2022-02-10T13:14:26+00:00\",\"dateModified\":\"2025-08-12T08:41:08+00:00\",\"breadcrumb\":{\"@id\":\"https:\/\/morganmadison.se\/en\/lyxiga-sangklader\/#breadcrumb\"},\"inLanguage\":\"en-US\",\"potentialAction\":[{\"@type\":\"ReadAction\",\"target\":[\"https:\/\/morganmadison.se\/en\/lyxiga-sangklader\/\"]}]},{\"@type\":\"BreadcrumbList\",\"@id\":\"https:\/\/morganmadison.se\/en\/lyxiga-sangklader\/#breadcrumb\",\"itemListElement\":[{\"@type\":\"ListItem\",\"position\":1,\"name\":\"Hem\",\"item\":\"https:\/\/morganmadison.se\/en\/?lang=en\"},{\"@type\":\"ListItem\",\"position\":2,\"name\":\"Lyxiga s\u00e4ngkl\u00e4der\"}]},{\"@type\":\"WebSite\",\"@id\":\"https:\/\/morganmadison.se\/en\/#website\",\"url\":\"https:\/\/morganmadison.se\/en\/\",\"name\":\"Morgan Madison\",\"description\":\"Exclusive Collection for home interior\",\"potentialAction\":[{\"@type\":\"SearchAction\",\"target\":{\"@type\":\"EntryPoint\",\"urlTemplate\":\"https:\/\/morganmadison.se\/en\/?s={search_term_string}\"},\"query-input\":{\"@type\":\"PropertyValueSpecification\",\"valueRequired\":true,\"valueName\":\"search_term_string\"}}],\"inLanguage\":\"en-US\"}]}<\/script>\n<!-- \/ Yoast SEO plugin. -->","yoast_head_json":{"title":"Lyxiga s\u00e4ngkl\u00e4der - Morgan Madison","robots":{"index":"index","follow":"follow","max-snippet":"max-snippet:-1","max-image-preview":"max-image-preview:large","max-video-preview":"max-video-preview:-1"},"canonical":"https:\/\/morganmadison.se\/en\/lyxiga-sangklader\/","og_locale":"en_US","og_type":"article","og_title":"Lyxiga s\u00e4ngkl\u00e4der - Morgan Madison","og_description":"[et_pb_section fb_built=&#8221;1&#8243; _builder_version=&#8221;4.7.5&#8243; _module_preset=&#8221;default&#8221; custom_padding=&#8221;0px||||false|false&#8221;][et_pb_row _builder_version=&#8221;4.7.5&#8243; _module_preset=&#8221;default&#8221; width=&#8221;100vw&#8221; custom_margin=&#8221;0px||||false|false&#8221; custom_padding=&#8221;0px||||false|false&#8221;][et_pb_column type=&#8221;4_4&#8243; _builder_version=&#8221;4.7.5&#8243; _module_preset=&#8221;default&#8221;][et_pb_cta title=&#8221;Lyxiga s\u00e4ngkl\u00e4der&#8221; admin_label=&#8221;Uppmaning till handling&#8221; _builder_version=&#8221;4.7.5&#8243; _module_preset=&#8221;default&#8221; header_level=&#8221;h1&#8243; header_text_align=&#8221;center&#8221; header_text_color=&#8221;#ffffff&#8221; header_font_size=&#8221;30px&#8221; header_line_height=&#8221;1.3em&#8221; body_font=&#8221;|600|||||||&#8221; body_text_align=&#8221;center&#8221; background_image=&#8221;https:\/\/morganmadison.se\/wp-content\/uploads\/2022\/02\/Mogan-Madsion_Bed_16X6.jpg&#8221; height=&#8221;55vh&#8221; custom_css_main_element=&#8221;display: flex;||align-items: center;||justify-content: center;&#8221; custom_css_promo_description=&#8221;width: 800px;&#8221;] \u00a0 &nbsp; [\/et_pb_cta][\/et_pb_column][\/et_pb_row][\/et_pb_section][et_pb_section fb_built=&#8221;1&#8243; _builder_version=&#8221;4.7.5&#8243; _module_preset=&#8221;default&#8221; custom_margin=&#8221;0px||||false|false&#8221; custom_padding=&#8221;0px||||false|false&#8221;][et_pb_row _builder_version=&#8221;4.7.5&#8243; _module_preset=&#8221;default&#8221; width=&#8221;45vw&#8221; width_tablet=&#8221;&#8221; width_phone=&#8221;90vw&#8221; width_last_edited=&#8221;on|phone&#8221; custom_margin=&#8221;5vh||||false|false&#8221; custom_padding=&#8221;||0px|||&#8221;][et_pb_column type=&#8221;4_4&#8243; _builder_version=&#8221;4.7.5&#8243; _module_preset=&#8221;default&#8221;][et_pb_text admin_label=&#8221;Text&#8221; [&hellip;]","og_url":"https:\/\/morganmadison.se\/en\/lyxiga-sangklader\/","og_site_name":"Morgan Madison","article_modified_time":"2025-08-12T08:41:08+00:00","twitter_card":"summary_large_image","twitter_misc":{"Est. reading time":"3 minutes"},"schema":{"@context":"https:\/\/schema.org","@graph":[{"@type":"WebPage","@id":"https:\/\/morganmadison.se\/en\/lyxiga-sangklader\/","url":"https:\/\/morganmadison.se\/en\/lyxiga-sangklader\/","name":"Lyxiga s\u00e4ngkl\u00e4der - Morgan Madison","isPartOf":{"@id":"https:\/\/morganmadison.se\/en\/#website"},"datePublished":"2022-02-10T13:14:26+00:00","dateModified":"2025-08-12T08:41:08+00:00","breadcrumb":{"@id":"https:\/\/morganmadison.se\/en\/lyxiga-sangklader\/#breadcrumb"},"inLanguage":"en-US","potentialAction":[{"@type":"ReadAction","target":["https:\/\/morganmadison.se\/en\/lyxiga-sangklader\/"]}]},{"@type":"BreadcrumbList","@id":"https:\/\/morganmadison.se\/en\/lyxiga-sangklader\/#breadcrumb","itemListElement":[{"@type":"ListItem","position":1,"name":"Hem","item":"https:\/\/morganmadison.se\/en\/?lang=en"},{"@type":"ListItem","position":2,"name":"Lyxiga s\u00e4ngkl\u00e4der"}]},{"@type":"WebSite","@id":"https:\/\/morganmadison.se\/en\/#website","url":"https:\/\/morganmadison.se\/en\/","name":"Morgan Madison","description":"Exclusive Collection for home interior","potentialAction":[{"@type":"SearchAction","target":{"@type":"EntryPoint","urlTemplate":"https:\/\/morganmadison.se\/en\/?s={search_term_string}"},"query-input":{"@type":"PropertyValueSpecification","valueRequired":true,"valueName":"search_term_string"}}],"inLanguage":"en-US"}]}},"jetpack_shortlink":"https:\/\/wp.me\/PaH2GS-1vf","jetpack_sharing_enabled":true,"_links":{"self":[{"href":"https:\/\/morganmadison.se\/en\/wp-json\/wp\/v2\/pages\/5781","targetHints":{"allow":["GET"]}}],"collection":[{"href":"https:\/\/morganmadison.se\/en\/wp-json\/wp\/v2\/pages"}],"about":[{"href":"https:\/\/morganmadison.se\/en\/wp-json\/wp\/v2\/types\/page"}],"author":[{"embeddable":true,"href":"https:\/\/morganmadison.se\/en\/wp-json\/wp\/v2\/users\/8"}],"replies":[{"embeddable":true,"href":"https:\/\/morganmadison.se\/en\/wp-json\/wp\/v2\/comments?post=5781"}],"version-history":[{"count":9,"href":"https:\/\/morganmadison.se\/en\/wp-json\/wp\/v2\/pages\/5781\/revisions"}],"predecessor-version":[{"id":45655,"href":"https:\/\/morganmadison.se\/en\/wp-json\/wp\/v2\/pages\/5781\/revisions\/45655"}],"wp:attachment":[{"href":"https:\/\/morganmadison.se\/en\/wp-json\/wp\/v2\/media?parent=5781"}],"curies":[{"name":"wp","href":"https:\/\/api.w.org\/{rel}","templated":true}]}}