{"id":25305,"date":"2023-06-22T09:59:21","date_gmt":"2023-06-22T07:59:21","guid":{"rendered":"https:\/\/morganmadison.se\/?post_type=product&#038;p=25305"},"modified":"2023-03-06T14:04:34","modified_gmt":"2023-03-06T13:04:34","slug":"room-spray-liberty","status":"publish","type":"product","link":"https:\/\/morganmadison.se\/en\/butik\/fragrance\/fragrance-spray-rum-scent\/room-spray-liberty\/","title":{"rendered":"Room spray Liberty"},"content":{"rendered":"<p>[et_pb_section fb_built=&#8221;1&#8243; _builder_version=&#8221;3.22&#8243; custom_padding=&#8221;0px||||false|false&#8221;][et_pb_row _builder_version=&#8221;3.25&#8243; background_size=&#8221;initial&#8221; background_position=&#8221;top_left&#8221; background_repeat=&#8221;repeat&#8221; width=&#8221;100%&#8221; custom_padding=&#8221;0px||0px||false|false&#8221;][et_pb_column type=&#8221;4_4&#8243; _builder_version=&#8221;3.25&#8243; custom_padding=&#8221;|||&#8221; custom_padding__hover=&#8221;|||&#8221;][et_pb_wc_breadcrumb _builder_version=&#8221;3.0.47&#8243;][\/et_pb_wc_breadcrumb][et_pb_wc_cart_notice _builder_version=&#8221;3.0.47&#8243;][\/et_pb_wc_cart_notice][\/et_pb_column][\/et_pb_row][et_pb_row column_structure=&#8221;1_2,1_2&#8243; _builder_version=&#8221;3.25&#8243; background_size=&#8221;initial&#8221; background_position=&#8221;top_left&#8221; background_repeat=&#8221;repeat&#8221; width=&#8221;100%&#8221; custom_padding=&#8221;0px||||false|false&#8221;][et_pb_column type=&#8221;1_2&#8243; _builder_version=&#8221;3.25&#8243; custom_padding=&#8221;|||&#8221; custom_padding__hover=&#8221;|||&#8221;][et_pb_wc_images _builder_version=&#8221;3.0.47&#8243;][\/et_pb_wc_images][\/et_pb_column][et_pb_column type=&#8221;1_2&#8243; _builder_version=&#8221;3.25&#8243; custom_padding=&#8221;|||&#8221; custom_padding__hover=&#8221;|||&#8221;][et_pb_wc_title _builder_version=&#8221;3.0.47&#8243;][\/et_pb_wc_title][et_pb_wc_rating _builder_version=&#8221;3.0.47&#8243;][\/et_pb_wc_rating][et_pb_wc_price _builder_version=&#8221;3.0.47&#8243;][\/et_pb_wc_price][et_pb_wc_description _builder_version=&#8221;4.7.5&#8243;][\/et_pb_wc_description][et_pb_wc_add_to_cart _builder_version=&#8221;3.0.47&#8243;][\/et_pb_wc_add_to_cart][et_pb_wc_meta _builder_version=&#8221;3.0.47&#8243;][\/et_pb_wc_meta][\/et_pb_column][\/et_pb_row][et_pb_row _builder_version=&#8221;3.25&#8243; background_size=&#8221;initial&#8221; background_position=&#8221;top_left&#8221; background_repeat=&#8221;repeat&#8221; width=&#8221;100%&#8221;][et_pb_column type=&#8221;4_4&#8243; _builder_version=&#8221;3.25&#8243; custom_padding=&#8221;|||&#8221; custom_padding__hover=&#8221;|||&#8221;][et_pb_wc_tabs _builder_version=&#8221;4.7.5&#8243;]\t\t\t\t\t[\/et_pb_wc_tabs][et_pb_wc_upsells _builder_version=&#8221;4.7.5&#8243;][\/et_pb_wc_upsells][et_pb_wc_related_products _builder_version=&#8221;4.7.5&#8243;][\/et_pb_wc_related_products][\/et_pb_column][\/et_pb_row][\/et_pb_section]<\/p>\n","protected":false},"excerpt":{"rendered":"<p><strong>Room spray is a great way to create that luxurious, fragrant feel in your home. Our room sprays come in two different varieties; equally seductively delightful to enjoy in everyday life.<\/strong><\/p>\n<p>Liberty is a spicy, sensual unisex perfume that creates a sense of mystery. The scent is warm and inviting and is built up of pink pepper and vetiver. With a well-balanced hint of cinnamon and tobacco as well as a significant base of saffron, patchouli and oud, pure magic is created.<\/p>\n<p>Liberty is a fragrance that leaves an impression and easily becomes a favourite.<\/p>\n<p><u>Notes: <\/u>pink pepper, vetiver, cinnamon, tobacco, saffron, patchouli, oud.<\/p>\n<p><u>Contains <\/u>Benzyl Benzoate, Cinnamal, Citral, Citronellol, Coumarin, Eugenol, Geraniol, Limonene and Linalool (concentrate at &lt; 0.001%). The product has an estimated shelf life of 12 months.<\/p>\n<p><u>Volume: <\/u>100 ml. Always shake the bottle well before use.<\/p>\n<p><strong>INSTRUCTIONS FOR USE:<\/strong><br \/>\nShake the bottle well before each use.<br \/>\nSpray off face and body.<br \/>\nHold the container upright and spray with circular movements in the room.<br \/>\nHold the product upright with the spray pump facing upwards.<br \/>\n<div class='one_half et_column_last'>\n\t\t\t\t\t\n\t\t\t\t<\/div><div class='clear'><\/div><br \/>\n<div id=\"accordions-28095\" class=\"accordions-28095 accordions\" data-accordions={&quot;lazyLoad&quot;:false,&quot;id&quot;:&quot;28095&quot;,&quot;event&quot;:&quot;click&quot;,&quot;collapsible&quot;:&quot;true&quot;,&quot;heightStyle&quot;:&quot;content&quot;,&quot;animateStyle&quot;:&quot;swing&quot;,&quot;animateDelay&quot;:1000,&quot;navigation&quot;:true,&quot;active&quot;:999,&quot;expandedOther&quot;:&quot;no&quot;}>\r\n                <div class=\"items\" >\r\n    \r\n            <div post_id=\"28095\" itemcount=\"0\"  header_id=\"header-1671456929354\" id=\"header-1671456929354\" style=\"\" class=\"accordions-head head1671456929354 border-none\" toggle-text=\"\" main-text=\"&lt;strong&gt;PRODUKTINFORMATION\/PRODUCT INFORMATION:&lt;\/strong&gt;  \">\r\n                                    <span id=\"accordion-icons-1671456929354\" class=\"accordion-icons\">\r\n                        <span class=\"accordion-icon-active accordion-plus\"><i class=\"fas fa-chevron-up\"><\/i><\/span>\r\n                        <span class=\"accordion-icon-inactive accordion-minus\"><i class=\"fas fa-chevron-right\"><\/i><\/span>\r\n                    <\/span>\r\n                    <span id=\"header-text-1671456929354\" class=\"accordions-head-title\"><strong>PRODUKTINFORMATION\/PRODUCT INFORMATION:<\/strong>  <\/span>\r\n                            <\/div>\r\n            <div class=\"accordion-content content1671456929354 \">\r\n                <p>Produkten \u00e4r inte kosmetika!<\/p>\n<p>Spreja inte direkt p\u00e5 mat, personer, husdjur, v\u00e4xter eller p\u00e5 ytor. Torka omedelbart av ytor som oavsiktligt sprejats. Personer som \u00e4r \u00f6verk\u00e4nsliga mot parfym b\u00f6r vara f\u00f6rsiktiga n\u00e4r de anv\u00e4nder denna produkt.<br \/>\nAtt anv\u00e4nda doftsprej ers\u00e4tter inte god hygien. F\u00e5r endast anv\u00e4ndas i v\u00e4l ventilerade utrymmen.<br \/>\nAnv\u00e4nds endast f\u00f6r avsett \u00e4ndam\u00e5l.<\/p>\n<p>F\u00f6rvara utom r\u00e4ckh\u00e5ll f\u00f6r barn och husdjur. H\u00e5ll borta fr\u00e5n v\u00e4rme, heta ytor, gnistor och \u00f6ppen l\u00e5ga.<br \/>\nR\u00f6kning f\u00f6rbjuden. Vid hudkontakt, tv\u00e4tta med mycket vatten. Vid \u00f6gonkontakt, sk\u00f6lj f\u00f6rsiktigt med vatten i flera minuter och ta ut eventuella kontaktlinser. Om irritation i \u00f6gon eller p\u00e5 hud kvarst\u00e5r, kontakta sjukv\u00e5rden. Kasta inneh\u00e5llet i beh\u00e5llare avsedd f\u00f6r farligt avfall.<\/p>\n<p>The product is not cosmetics!<\/p>\n<p>Do not spray directly on food, people, pets, plants or surfaces. Wipe off accidentally sprayed surfaces immediately. People who are sensitive to perfume should be careful when using this product.<br \/>\nThe use of fragrance sprays is not a substitute for good hygiene. Use only in well-ventilated areas.<br \/>\nUse only for intended purpose.<\/p>\n<p>Keep out of reach of children and pets. Keep away from heat, hot surfaces, sparks and open flame.<br \/>\nNo smoking. In case of skin contact, wash with plenty of water. In case of eye contact, rinse gently with water for several minutes and remove any contact lenses. If eye or skin irritation persists, seek medical attention. Dispose of contents in hazardous waste container.<\/p>\n            <\/div>\r\n    <\/div>\r\n\r\n\r\n\r\n            <\/div><\/p>\n","protected":false},"featured_media":33167,"comment_status":"closed","ping_status":"closed","template":"","meta":{"_et_pb_use_builder":"on","_et_pb_old_content":"","_et_gb_content_width":""},"product_brand":[],"product_cat":[129,175],"product_tag":[],"class_list":{"0":"post-25305","1":"product","2":"type-product","3":"status-publish","4":"has-post-thumbnail","6":"product_cat-fragrance","7":"product_cat-fragrance-spray-rum-scent","9":"first","10":"instock","11":"taxable","12":"shipping-taxable","13":"purchasable","14":"product-type-simple"},"yoast_head":"<!-- This site is optimized with the Yoast SEO plugin v27.2 - https:\/\/yoast.com\/product\/yoast-seo-wordpress\/ -->\n<title>Room spray Liberty - Morgan Madison<\/title>\n<meta name=\"robots\" content=\"index, follow, max-snippet:-1, max-image-preview:large, max-video-preview:-1\" \/>\n<link rel=\"canonical\" href=\"https:\/\/morganmadison.se\/en\/butik\/fragrance\/fragrance-spray-rum-scent\/room-spray-liberty\/\" \/>\n<meta property=\"og:locale\" content=\"en_US\" \/>\n<meta property=\"og:type\" content=\"article\" \/>\n<meta property=\"og:title\" content=\"Room spray Liberty - Morgan Madison\" \/>\n<meta property=\"og:description\" content=\"Room spray is a great way to create that luxurious, fragrant feel in your home. Our room sprays come in two different varieties; equally seductively delightful to enjoy in everyday life.  Liberty is a spicy, sensual unisex perfume that creates a sense of mystery. The scent is warm and inviting and is built up of pink pepper and vetiver. With a well-balanced hint of cinnamon and tobacco as well as a significant base of saffron, patchouli and oud, pure magic is created.  Liberty is a fragrance that leaves an impression and easily becomes a favourite.  Notes: pink pepper, vetiver, cinnamon, tobacco, saffron, patchouli, oud.  Contains Benzyl Benzoate, Cinnamal, Citral, Citronellol, Coumarin, Eugenol, Geraniol, Limonene and Linalool (concentrate at &lt; 0.001%). The product has an estimated shelf life of 12 months.  Volume: 100 ml. Always shake the bottle well before use.  INSTRUCTIONS FOR USE: Shake the bottle well before each use. Spray off face and body. Hold the container upright and spray with circular movements in the room. Hold the product upright with the spray pump facing upwards.\" \/>\n<meta property=\"og:url\" content=\"https:\/\/morganmadison.se\/en\/butik\/fragrance\/fragrance-spray-rum-scent\/room-spray-liberty\/\" \/>\n<meta property=\"og:site_name\" content=\"Morgan Madison\" \/>\n<meta property=\"og:image\" content=\"https:\/\/morganmadison.se\/wp-content\/uploads\/2022\/08\/Rumsspray_MorganMadison_27-e1666610480639.jpg\" \/>\n\t<meta property=\"og:image:width\" content=\"1024\" \/>\n\t<meta property=\"og:image:height\" content=\"683\" \/>\n\t<meta property=\"og:image:type\" content=\"image\/jpeg\" \/>\n<meta name=\"twitter:card\" content=\"summary_large_image\" \/>\n<meta name=\"twitter:label1\" content=\"Est. reading time\" \/>\n\t<meta name=\"twitter:data1\" content=\"1 minute\" \/>\n<script type=\"application\/ld+json\" class=\"yoast-schema-graph\">{\"@context\":\"https:\/\/schema.org\",\"@graph\":[{\"@type\":\"WebPage\",\"@id\":\"https:\/\/morganmadison.se\/en\/butik\/fragrance\/fragrance-spray-rum-scent\/room-spray-liberty\/\",\"url\":\"https:\/\/morganmadison.se\/en\/butik\/fragrance\/fragrance-spray-rum-scent\/room-spray-liberty\/\",\"name\":\"Room spray Liberty - Morgan Madison\",\"isPartOf\":{\"@id\":\"https:\/\/morganmadison.se\/en\/#website\"},\"primaryImageOfPage\":{\"@id\":\"https:\/\/morganmadison.se\/en\/butik\/fragrance\/fragrance-spray-rum-scent\/room-spray-liberty\/#primaryimage\"},\"image\":{\"@id\":\"https:\/\/morganmadison.se\/en\/butik\/fragrance\/fragrance-spray-rum-scent\/room-spray-liberty\/#primaryimage\"},\"thumbnailUrl\":\"https:\/\/i0.wp.com\/morganmadison.se\/wp-content\/uploads\/2023\/06\/Morgan-Madison-Room-Spray-Liberty-1.jpg?fit=1181%2C788&ssl=1\",\"datePublished\":\"2023-06-22T07:59:21+00:00\",\"breadcrumb\":{\"@id\":\"https:\/\/morganmadison.se\/en\/butik\/fragrance\/fragrance-spray-rum-scent\/room-spray-liberty\/#breadcrumb\"},\"inLanguage\":\"en-US\",\"potentialAction\":[{\"@type\":\"ReadAction\",\"target\":[\"https:\/\/morganmadison.se\/en\/butik\/fragrance\/fragrance-spray-rum-scent\/room-spray-liberty\/\"]}]},{\"@type\":\"ImageObject\",\"inLanguage\":\"en-US\",\"@id\":\"https:\/\/morganmadison.se\/en\/butik\/fragrance\/fragrance-spray-rum-scent\/room-spray-liberty\/#primaryimage\",\"url\":\"https:\/\/i0.wp.com\/morganmadison.se\/wp-content\/uploads\/2023\/06\/Morgan-Madison-Room-Spray-Liberty-1.jpg?fit=1181%2C788&ssl=1\",\"contentUrl\":\"https:\/\/i0.wp.com\/morganmadison.se\/wp-content\/uploads\/2023\/06\/Morgan-Madison-Room-Spray-Liberty-1.jpg?fit=1181%2C788&ssl=1\",\"width\":1181,\"height\":788},{\"@type\":\"BreadcrumbList\",\"@id\":\"https:\/\/morganmadison.se\/en\/butik\/fragrance\/fragrance-spray-rum-scent\/room-spray-liberty\/#breadcrumb\",\"itemListElement\":[{\"@type\":\"ListItem\",\"position\":1,\"name\":\"Hem\",\"item\":\"https:\/\/morganmadison.se\/en\/?lang=en\"},{\"@type\":\"ListItem\",\"position\":2,\"name\":\"All products\",\"item\":\"https:\/\/morganmadison.se\/all-products\/?lang=en\"},{\"@type\":\"ListItem\",\"position\":3,\"name\":\"Room spray Liberty\"}]},{\"@type\":\"WebSite\",\"@id\":\"https:\/\/morganmadison.se\/en\/#website\",\"url\":\"https:\/\/morganmadison.se\/en\/\",\"name\":\"Morgan Madison\",\"description\":\"Exclusive Collection for home interior\",\"potentialAction\":[{\"@type\":\"SearchAction\",\"target\":{\"@type\":\"EntryPoint\",\"urlTemplate\":\"https:\/\/morganmadison.se\/en\/?s={search_term_string}\"},\"query-input\":{\"@type\":\"PropertyValueSpecification\",\"valueRequired\":true,\"valueName\":\"search_term_string\"}}],\"inLanguage\":\"en-US\"}]}<\/script>\n<!-- \/ Yoast SEO plugin. -->","yoast_head_json":{"title":"Room spray Liberty - Morgan Madison","robots":{"index":"index","follow":"follow","max-snippet":"max-snippet:-1","max-image-preview":"max-image-preview:large","max-video-preview":"max-video-preview:-1"},"canonical":"https:\/\/morganmadison.se\/en\/butik\/fragrance\/fragrance-spray-rum-scent\/room-spray-liberty\/","og_locale":"en_US","og_type":"article","og_title":"Room spray Liberty - Morgan Madison","og_description":"Room spray is a great way to create that luxurious, fragrant feel in your home. Our room sprays come in two different varieties; equally seductively delightful to enjoy in everyday life.  Liberty is a spicy, sensual unisex perfume that creates a sense of mystery. The scent is warm and inviting and is built up of pink pepper and vetiver. With a well-balanced hint of cinnamon and tobacco as well as a significant base of saffron, patchouli and oud, pure magic is created.  Liberty is a fragrance that leaves an impression and easily becomes a favourite.  Notes: pink pepper, vetiver, cinnamon, tobacco, saffron, patchouli, oud.  Contains Benzyl Benzoate, Cinnamal, Citral, Citronellol, Coumarin, Eugenol, Geraniol, Limonene and Linalool (concentrate at &lt; 0.001%). The product has an estimated shelf life of 12 months.  Volume: 100 ml. Always shake the bottle well before use.  INSTRUCTIONS FOR USE: Shake the bottle well before each use. Spray off face and body. Hold the container upright and spray with circular movements in the room. Hold the product upright with the spray pump facing upwards.","og_url":"https:\/\/morganmadison.se\/en\/butik\/fragrance\/fragrance-spray-rum-scent\/room-spray-liberty\/","og_site_name":"Morgan Madison","og_image":[{"width":1024,"height":683,"url":"https:\/\/morganmadison.se\/wp-content\/uploads\/2022\/08\/Rumsspray_MorganMadison_27-e1666610480639.jpg","type":"image\/jpeg"}],"twitter_card":"summary_large_image","twitter_misc":{"Est. reading time":"1 minute"},"schema":{"@context":"https:\/\/schema.org","@graph":[{"@type":"WebPage","@id":"https:\/\/morganmadison.se\/en\/butik\/fragrance\/fragrance-spray-rum-scent\/room-spray-liberty\/","url":"https:\/\/morganmadison.se\/en\/butik\/fragrance\/fragrance-spray-rum-scent\/room-spray-liberty\/","name":"Room spray Liberty - Morgan Madison","isPartOf":{"@id":"https:\/\/morganmadison.se\/en\/#website"},"primaryImageOfPage":{"@id":"https:\/\/morganmadison.se\/en\/butik\/fragrance\/fragrance-spray-rum-scent\/room-spray-liberty\/#primaryimage"},"image":{"@id":"https:\/\/morganmadison.se\/en\/butik\/fragrance\/fragrance-spray-rum-scent\/room-spray-liberty\/#primaryimage"},"thumbnailUrl":"https:\/\/i0.wp.com\/morganmadison.se\/wp-content\/uploads\/2023\/06\/Morgan-Madison-Room-Spray-Liberty-1.jpg?fit=1181%2C788&ssl=1","datePublished":"2023-06-22T07:59:21+00:00","breadcrumb":{"@id":"https:\/\/morganmadison.se\/en\/butik\/fragrance\/fragrance-spray-rum-scent\/room-spray-liberty\/#breadcrumb"},"inLanguage":"en-US","potentialAction":[{"@type":"ReadAction","target":["https:\/\/morganmadison.se\/en\/butik\/fragrance\/fragrance-spray-rum-scent\/room-spray-liberty\/"]}]},{"@type":"ImageObject","inLanguage":"en-US","@id":"https:\/\/morganmadison.se\/en\/butik\/fragrance\/fragrance-spray-rum-scent\/room-spray-liberty\/#primaryimage","url":"https:\/\/i0.wp.com\/morganmadison.se\/wp-content\/uploads\/2023\/06\/Morgan-Madison-Room-Spray-Liberty-1.jpg?fit=1181%2C788&ssl=1","contentUrl":"https:\/\/i0.wp.com\/morganmadison.se\/wp-content\/uploads\/2023\/06\/Morgan-Madison-Room-Spray-Liberty-1.jpg?fit=1181%2C788&ssl=1","width":1181,"height":788},{"@type":"BreadcrumbList","@id":"https:\/\/morganmadison.se\/en\/butik\/fragrance\/fragrance-spray-rum-scent\/room-spray-liberty\/#breadcrumb","itemListElement":[{"@type":"ListItem","position":1,"name":"Hem","item":"https:\/\/morganmadison.se\/en\/?lang=en"},{"@type":"ListItem","position":2,"name":"All products","item":"https:\/\/morganmadison.se\/all-products\/?lang=en"},{"@type":"ListItem","position":3,"name":"Room spray Liberty"}]},{"@type":"WebSite","@id":"https:\/\/morganmadison.se\/en\/#website","url":"https:\/\/morganmadison.se\/en\/","name":"Morgan Madison","description":"Exclusive Collection for home interior","potentialAction":[{"@type":"SearchAction","target":{"@type":"EntryPoint","urlTemplate":"https:\/\/morganmadison.se\/en\/?s={search_term_string}"},"query-input":{"@type":"PropertyValueSpecification","valueRequired":true,"valueName":"search_term_string"}}],"inLanguage":"en-US"}]}},"jetpack_sharing_enabled":true,"_links":{"self":[{"href":"https:\/\/morganmadison.se\/en\/wp-json\/wp\/v2\/product\/25305","targetHints":{"allow":["GET"]}}],"collection":[{"href":"https:\/\/morganmadison.se\/en\/wp-json\/wp\/v2\/product"}],"about":[{"href":"https:\/\/morganmadison.se\/en\/wp-json\/wp\/v2\/types\/product"}],"replies":[{"embeddable":true,"href":"https:\/\/morganmadison.se\/en\/wp-json\/wp\/v2\/comments?post=25305"}],"wp:featuredmedia":[{"embeddable":true,"href":"https:\/\/morganmadison.se\/en\/wp-json\/wp\/v2\/media\/33167"}],"wp:attachment":[{"href":"https:\/\/morganmadison.se\/en\/wp-json\/wp\/v2\/media?parent=25305"}],"wp:term":[{"taxonomy":"product_brand","embeddable":true,"href":"https:\/\/morganmadison.se\/en\/wp-json\/wp\/v2\/product_brand?post=25305"},{"taxonomy":"product_cat","embeddable":true,"href":"https:\/\/morganmadison.se\/en\/wp-json\/wp\/v2\/product_cat?post=25305"},{"taxonomy":"product_tag","embeddable":true,"href":"https:\/\/morganmadison.se\/en\/wp-json\/wp\/v2\/product_tag?post=25305"}],"curies":[{"name":"wp","href":"https:\/\/api.w.org\/{rel}","templated":true}]}}