{"id":35503,"date":"2023-12-13T09:15:05","date_gmt":"2023-12-13T08:15:05","guid":{"rendered":"https:\/\/morganmadison.se\/?post_type=product&#038;p=35503"},"modified":"2024-10-14T11:36:10","modified_gmt":"2024-10-14T09:36:10","slug":"lyxiga-orngott-2-pack-vita","status":"publish","type":"product","link":"https:\/\/morganmadison.se\/en\/butik\/bedding\/pillowcase\/lyxiga-orngott-2-pack-vita\/","title":{"rendered":"Lyxiga \u00f6rngott 2-pack vita"},"content":{"rendered":"","protected":false},"excerpt":{"rendered":"<p>Tv\u00e5 exklusiva \u00f6rngott i jacquardv\u00e4vd hotellkvalitet. Den mjuka bomullen med satink\u00e4nsla \u00e4r sn\u00e4ll mot hud och h\u00e5r n\u00e4r man sover. Med ett elegant, jacquardv\u00e4vt m\u00f6nster f\u00e5r dessa kuddar din s\u00e4ng att se v\u00e4ldigt lyxig ut.<\/p>\n<p><strong>F\u00e4rg: <\/strong>vit<strong><br \/>\nSize: <\/strong>50 x 60 cm<strong><br \/>\nMaterial<\/strong>: 100 % bomullsjacquard, Svanenm\u00e4rkt, GOTS<br \/>\n<strong>Tv\u00e4ttr\u00e5d:<\/strong> 60\u00b0 grader<\/p>\n","protected":false},"featured_media":35507,"comment_status":"closed","ping_status":"closed","template":"","meta":{"_et_pb_use_builder":"off","_et_pb_old_content":"","_et_gb_content_width":""},"product_brand":[],"product_cat":[101,109],"product_tag":[67,66,91],"class_list":{"0":"post-35503","1":"product","2":"type-product","3":"status-publish","4":"has-post-thumbnail","6":"product_cat-badd","7":"product_cat-orngott","8":"product_tag-2-pack","9":"product_tag-orngott","10":"product_tag-sovrum","12":"first","13":"outofstock","14":"taxable","15":"shipping-taxable","16":"purchasable","17":"product-type-simple"},"yoast_head":"<!-- This site is optimized with the Yoast SEO plugin v27.2 - https:\/\/yoast.com\/product\/yoast-seo-wordpress\/ -->\n<title>Lyxiga \u00f6rngott 2-pack vita - Morgan Madison<\/title>\n<meta name=\"robots\" content=\"index, follow, max-snippet:-1, max-image-preview:large, max-video-preview:-1\" \/>\n<link rel=\"canonical\" href=\"https:\/\/morganmadison.se\/en\/butik\/bedding\/pillowcase\/lyxiga-orngott-2-pack-vita\/\" \/>\n<meta property=\"og:locale\" content=\"en_US\" \/>\n<meta property=\"og:type\" content=\"article\" \/>\n<meta property=\"og:title\" content=\"Lyxiga \u00f6rngott 2-pack vita - Morgan Madison\" \/>\n<meta property=\"og:description\" content=\"Tv\u00e5 exklusiva \u00f6rngott i jacquardv\u00e4vd hotellkvalitet. Den mjuka bomullen med satink\u00e4nsla \u00e4r sn\u00e4ll mot hud och h\u00e5r n\u00e4r man sover. Med ett elegant, jacquardv\u00e4vt m\u00f6nster f\u00e5r dessa kuddar din s\u00e4ng att se v\u00e4ldigt lyxig ut.  F\u00e4rg: vit Size: 50 x 60 cm Material: 100 % bomullsjacquard, Svanenm\u00e4rkt, GOTS Tv\u00e4ttr\u00e5d: 60\u00b0 grader\" \/>\n<meta property=\"og:url\" content=\"https:\/\/morganmadison.se\/en\/butik\/bedding\/pillowcase\/lyxiga-orngott-2-pack-vita\/\" \/>\n<meta property=\"og:site_name\" content=\"Morgan Madison\" \/>\n<meta property=\"article:modified_time\" content=\"2024-10-14T09:36:10+00:00\" \/>\n<meta property=\"og:image\" content=\"https:\/\/morganmadison.se\/wp-content\/uploads\/2023\/12\/SPLPILLOW02-1-Lyxiga-orngott-2-lifestyle-2.jpg\" \/>\n\t<meta property=\"og:image:width\" content=\"1181\" \/>\n\t<meta property=\"og:image:height\" content=\"787\" \/>\n\t<meta property=\"og:image:type\" content=\"image\/jpeg\" \/>\n<meta name=\"twitter:card\" content=\"summary_large_image\" \/>\n<script type=\"application\/ld+json\" class=\"yoast-schema-graph\">{\"@context\":\"https:\/\/schema.org\",\"@graph\":[{\"@type\":\"WebPage\",\"@id\":\"https:\/\/morganmadison.se\/en\/butik\/bedding\/pillowcase\/lyxiga-orngott-2-pack-vita\/\",\"url\":\"https:\/\/morganmadison.se\/en\/butik\/bedding\/pillowcase\/lyxiga-orngott-2-pack-vita\/\",\"name\":\"Lyxiga \u00f6rngott 2-pack vita - Morgan Madison\",\"isPartOf\":{\"@id\":\"https:\/\/morganmadison.se\/en\/#website\"},\"primaryImageOfPage\":{\"@id\":\"https:\/\/morganmadison.se\/en\/butik\/bedding\/pillowcase\/lyxiga-orngott-2-pack-vita\/#primaryimage\"},\"image\":{\"@id\":\"https:\/\/morganmadison.se\/en\/butik\/bedding\/pillowcase\/lyxiga-orngott-2-pack-vita\/#primaryimage\"},\"thumbnailUrl\":\"https:\/\/i0.wp.com\/morganmadison.se\/wp-content\/uploads\/2023\/12\/SPLPILLOW02-1-Lyxiga-orngott-2-lifestyle-2.jpg?fit=1181%2C787&ssl=1\",\"datePublished\":\"2023-12-13T08:15:05+00:00\",\"dateModified\":\"2024-10-14T09:36:10+00:00\",\"breadcrumb\":{\"@id\":\"https:\/\/morganmadison.se\/en\/butik\/bedding\/pillowcase\/lyxiga-orngott-2-pack-vita\/#breadcrumb\"},\"inLanguage\":\"en-US\",\"potentialAction\":[{\"@type\":\"ReadAction\",\"target\":[\"https:\/\/morganmadison.se\/en\/butik\/bedding\/pillowcase\/lyxiga-orngott-2-pack-vita\/\"]}]},{\"@type\":\"ImageObject\",\"inLanguage\":\"en-US\",\"@id\":\"https:\/\/morganmadison.se\/en\/butik\/bedding\/pillowcase\/lyxiga-orngott-2-pack-vita\/#primaryimage\",\"url\":\"https:\/\/i0.wp.com\/morganmadison.se\/wp-content\/uploads\/2023\/12\/SPLPILLOW02-1-Lyxiga-orngott-2-lifestyle-2.jpg?fit=1181%2C787&ssl=1\",\"contentUrl\":\"https:\/\/i0.wp.com\/morganmadison.se\/wp-content\/uploads\/2023\/12\/SPLPILLOW02-1-Lyxiga-orngott-2-lifestyle-2.jpg?fit=1181%2C787&ssl=1\",\"width\":1181,\"height\":787},{\"@type\":\"BreadcrumbList\",\"@id\":\"https:\/\/morganmadison.se\/en\/butik\/bedding\/pillowcase\/lyxiga-orngott-2-pack-vita\/#breadcrumb\",\"itemListElement\":[{\"@type\":\"ListItem\",\"position\":1,\"name\":\"Hem\",\"item\":\"https:\/\/morganmadison.se\/en\/?lang=en\"},{\"@type\":\"ListItem\",\"position\":2,\"name\":\"All products\",\"item\":\"https:\/\/morganmadison.se\/all-products\/?lang=en\"},{\"@type\":\"ListItem\",\"position\":3,\"name\":\"Lyxiga \u00f6rngott 2-pack vita\"}]},{\"@type\":\"WebSite\",\"@id\":\"https:\/\/morganmadison.se\/en\/#website\",\"url\":\"https:\/\/morganmadison.se\/en\/\",\"name\":\"Morgan Madison\",\"description\":\"Exclusive Collection for home interior\",\"potentialAction\":[{\"@type\":\"SearchAction\",\"target\":{\"@type\":\"EntryPoint\",\"urlTemplate\":\"https:\/\/morganmadison.se\/en\/?s={search_term_string}\"},\"query-input\":{\"@type\":\"PropertyValueSpecification\",\"valueRequired\":true,\"valueName\":\"search_term_string\"}}],\"inLanguage\":\"en-US\"}]}<\/script>\n<!-- \/ Yoast SEO plugin. -->","yoast_head_json":{"title":"Lyxiga \u00f6rngott 2-pack vita - Morgan Madison","robots":{"index":"index","follow":"follow","max-snippet":"max-snippet:-1","max-image-preview":"max-image-preview:large","max-video-preview":"max-video-preview:-1"},"canonical":"https:\/\/morganmadison.se\/en\/butik\/bedding\/pillowcase\/lyxiga-orngott-2-pack-vita\/","og_locale":"en_US","og_type":"article","og_title":"Lyxiga \u00f6rngott 2-pack vita - Morgan Madison","og_description":"Tv\u00e5 exklusiva \u00f6rngott i jacquardv\u00e4vd hotellkvalitet. Den mjuka bomullen med satink\u00e4nsla \u00e4r sn\u00e4ll mot hud och h\u00e5r n\u00e4r man sover. Med ett elegant, jacquardv\u00e4vt m\u00f6nster f\u00e5r dessa kuddar din s\u00e4ng att se v\u00e4ldigt lyxig ut.  F\u00e4rg: vit Size: 50 x 60 cm Material: 100 % bomullsjacquard, Svanenm\u00e4rkt, GOTS Tv\u00e4ttr\u00e5d: 60\u00b0 grader","og_url":"https:\/\/morganmadison.se\/en\/butik\/bedding\/pillowcase\/lyxiga-orngott-2-pack-vita\/","og_site_name":"Morgan Madison","article_modified_time":"2024-10-14T09:36:10+00:00","og_image":[{"width":1181,"height":787,"url":"https:\/\/morganmadison.se\/wp-content\/uploads\/2023\/12\/SPLPILLOW02-1-Lyxiga-orngott-2-lifestyle-2.jpg","type":"image\/jpeg"}],"twitter_card":"summary_large_image","schema":{"@context":"https:\/\/schema.org","@graph":[{"@type":"WebPage","@id":"https:\/\/morganmadison.se\/en\/butik\/bedding\/pillowcase\/lyxiga-orngott-2-pack-vita\/","url":"https:\/\/morganmadison.se\/en\/butik\/bedding\/pillowcase\/lyxiga-orngott-2-pack-vita\/","name":"Lyxiga \u00f6rngott 2-pack vita - Morgan Madison","isPartOf":{"@id":"https:\/\/morganmadison.se\/en\/#website"},"primaryImageOfPage":{"@id":"https:\/\/morganmadison.se\/en\/butik\/bedding\/pillowcase\/lyxiga-orngott-2-pack-vita\/#primaryimage"},"image":{"@id":"https:\/\/morganmadison.se\/en\/butik\/bedding\/pillowcase\/lyxiga-orngott-2-pack-vita\/#primaryimage"},"thumbnailUrl":"https:\/\/i0.wp.com\/morganmadison.se\/wp-content\/uploads\/2023\/12\/SPLPILLOW02-1-Lyxiga-orngott-2-lifestyle-2.jpg?fit=1181%2C787&ssl=1","datePublished":"2023-12-13T08:15:05+00:00","dateModified":"2024-10-14T09:36:10+00:00","breadcrumb":{"@id":"https:\/\/morganmadison.se\/en\/butik\/bedding\/pillowcase\/lyxiga-orngott-2-pack-vita\/#breadcrumb"},"inLanguage":"en-US","potentialAction":[{"@type":"ReadAction","target":["https:\/\/morganmadison.se\/en\/butik\/bedding\/pillowcase\/lyxiga-orngott-2-pack-vita\/"]}]},{"@type":"ImageObject","inLanguage":"en-US","@id":"https:\/\/morganmadison.se\/en\/butik\/bedding\/pillowcase\/lyxiga-orngott-2-pack-vita\/#primaryimage","url":"https:\/\/i0.wp.com\/morganmadison.se\/wp-content\/uploads\/2023\/12\/SPLPILLOW02-1-Lyxiga-orngott-2-lifestyle-2.jpg?fit=1181%2C787&ssl=1","contentUrl":"https:\/\/i0.wp.com\/morganmadison.se\/wp-content\/uploads\/2023\/12\/SPLPILLOW02-1-Lyxiga-orngott-2-lifestyle-2.jpg?fit=1181%2C787&ssl=1","width":1181,"height":787},{"@type":"BreadcrumbList","@id":"https:\/\/morganmadison.se\/en\/butik\/bedding\/pillowcase\/lyxiga-orngott-2-pack-vita\/#breadcrumb","itemListElement":[{"@type":"ListItem","position":1,"name":"Hem","item":"https:\/\/morganmadison.se\/en\/?lang=en"},{"@type":"ListItem","position":2,"name":"All products","item":"https:\/\/morganmadison.se\/all-products\/?lang=en"},{"@type":"ListItem","position":3,"name":"Lyxiga \u00f6rngott 2-pack vita"}]},{"@type":"WebSite","@id":"https:\/\/morganmadison.se\/en\/#website","url":"https:\/\/morganmadison.se\/en\/","name":"Morgan Madison","description":"Exclusive Collection for home interior","potentialAction":[{"@type":"SearchAction","target":{"@type":"EntryPoint","urlTemplate":"https:\/\/morganmadison.se\/en\/?s={search_term_string}"},"query-input":{"@type":"PropertyValueSpecification","valueRequired":true,"valueName":"search_term_string"}}],"inLanguage":"en-US"}]}},"jetpack_sharing_enabled":true,"_links":{"self":[{"href":"https:\/\/morganmadison.se\/en\/wp-json\/wp\/v2\/product\/35503","targetHints":{"allow":["GET"]}}],"collection":[{"href":"https:\/\/morganmadison.se\/en\/wp-json\/wp\/v2\/product"}],"about":[{"href":"https:\/\/morganmadison.se\/en\/wp-json\/wp\/v2\/types\/product"}],"replies":[{"embeddable":true,"href":"https:\/\/morganmadison.se\/en\/wp-json\/wp\/v2\/comments?post=35503"}],"wp:featuredmedia":[{"embeddable":true,"href":"https:\/\/morganmadison.se\/en\/wp-json\/wp\/v2\/media\/35507"}],"wp:attachment":[{"href":"https:\/\/morganmadison.se\/en\/wp-json\/wp\/v2\/media?parent=35503"}],"wp:term":[{"taxonomy":"product_brand","embeddable":true,"href":"https:\/\/morganmadison.se\/en\/wp-json\/wp\/v2\/product_brand?post=35503"},{"taxonomy":"product_cat","embeddable":true,"href":"https:\/\/morganmadison.se\/en\/wp-json\/wp\/v2\/product_cat?post=35503"},{"taxonomy":"product_tag","embeddable":true,"href":"https:\/\/morganmadison.se\/en\/wp-json\/wp\/v2\/product_tag?post=35503"}],"curies":[{"name":"wp","href":"https:\/\/api.w.org\/{rel}","templated":true}]}}