{"id":535,"date":"2019-02-21T19:16:01","date_gmt":"2019-02-21T18:16:01","guid":{"rendered":"https:\/\/morganmadison.se\/?post_type=product&#038;p=535"},"modified":"2023-04-12T15:46:05","modified_gmt":"2023-04-12T13:46:05","slug":"black-and-white-deco-pillows","status":"publish","type":"product","link":"https:\/\/morganmadison.se\/en\/butik\/decor\/monstrade-prydnadskuddar-en\/black-and-white-deco-pillows\/","title":{"rendered":"Black and White Deco Pillows"},"content":{"rendered":"<p>Piffa upp hemmet med denna stilrena mjuka prydnadskudde fr\u00e5n Morgan Madison i satin\/sammetsmix jacquardv\u00e4vnad. Placera g\u00e4rna kuddarna i grupper om tv\u00e5 eller tre d\u00e4r du blandar med andra kuddar. Den tillf\u00f6r mjukhet och komfort och blir en extra inredningsdetalj. Varf\u00f6r inte pryda s\u00e4ngen i sovrummet med lite extra kuddar f\u00f6r att skapa lyxig hotellk\u00e4nsla hemma? Finns i tv\u00e5 olika m\u00e5tt f\u00f6r en mer livlig k\u00e4nsla. Denna kudde finns i tv\u00e5 olika storlekar.<\/p>\n<p><strong>Produkt: <\/strong><strong>Black and White Deco Pillows<br \/>\n<\/strong><strong>Kategori: <\/strong>Dekorationskudde<br \/>\n<strong>Beskrivning: <\/strong>Satin\/sammetsmix jaquardv\u00e4v<br \/>\n<strong>F\u00e4rg:\u00a0<\/strong>Bl\/White<strong><br \/>\nM\u00e5tt:<\/strong>\u00a0 30x45cm <strong><br \/>\n<\/strong><strong>Kvalitet:<\/strong>\u00a0100% polyester<br \/>\n<strong>Tv\u00e4ttr\u00e5d:<\/strong>\u00a0Maskintv\u00e4tt 30 grader<br \/>\n<strong>Rek Pris:<\/strong> 420sek<br \/>\n<strong>Artikelnummer: <\/strong>SCDEC0001<\/p>\n<p><strong>Produkt: <\/strong><strong>Black and White Deco Pillows<br \/>\n<\/strong><strong>Kategori: <\/strong>Dekorationskudde<br \/>\n<strong>Beskrivning: <\/strong>Satin\/sammetsmix jaquardv\u00e4v<br \/>\n<strong>F\u00e4rg:\u00a0<\/strong>Bl\/White<strong><br \/>\nM\u00e5tt:<\/strong>\u00a0 50x60cm<br \/>\n<strong>Kvalitet:<\/strong>\u00a0100% polyester<br \/>\n<strong>Tv\u00e4ttr\u00e5d:<\/strong>\u00a0Maskintv\u00e4tt 30 grader<br \/>\n<strong>Rek Pris:<\/strong> 520sek<br \/>\n<strong>Artikelnummer: <\/strong>SCDEC0002<\/p>\n","protected":false},"excerpt":{"rendered":"<p>Dekorationskudde i Jaquardv\u00e4v. Satin\/sammetsmix<\/p>\n<p><strong>Material:<\/strong> 100% polyester<br \/>\n<strong>F\u00e4rg:<\/strong> Black\/White<\/p>\n","protected":false},"featured_media":0,"comment_status":"closed","ping_status":"closed","template":"","meta":{"_et_pb_use_builder":"","_et_pb_old_content":"","_et_gb_content_width":""},"product_brand":[],"product_cat":[102,172],"product_tag":[89,74],"class_list":{"0":"post-535","1":"product","2":"type-product","3":"status-publish","5":"product_cat-deko","6":"product_cat-monstrade-prydnadskuddar","7":"product_tag-inredning","8":"product_tag-signature-kuddar","10":"first","11":"outofstock","12":"taxable","13":"shipping-taxable","14":"purchasable","15":"product-type-variable"},"yoast_head":"<!-- This site is optimized with the Yoast SEO plugin v27.2 - https:\/\/yoast.com\/product\/yoast-seo-wordpress\/ -->\n<title>Black and White Deco Pillows - Morgan Madison<\/title>\n<meta name=\"robots\" content=\"index, follow, max-snippet:-1, max-image-preview:large, max-video-preview:-1\" \/>\n<link rel=\"canonical\" href=\"https:\/\/morganmadison.se\/en\/butik\/decor\/monstrade-prydnadskuddar-en\/black-and-white-deco-pillows\/\" \/>\n<meta property=\"og:locale\" content=\"en_US\" \/>\n<meta property=\"og:type\" content=\"article\" \/>\n<meta property=\"og:title\" content=\"Black and White Deco Pillows - Morgan Madison\" \/>\n<meta property=\"og:description\" content=\"Dekorationskudde i Jaquardv\u00e4v. Satin\/sammetsmix  Material: 100% polyester F\u00e4rg: Black\/White\" \/>\n<meta property=\"og:url\" content=\"https:\/\/morganmadison.se\/en\/butik\/decor\/monstrade-prydnadskuddar-en\/black-and-white-deco-pillows\/\" \/>\n<meta property=\"og:site_name\" content=\"Morgan Madison\" \/>\n<meta property=\"article:modified_time\" content=\"2023-04-12T13:46:05+00:00\" \/>\n<meta name=\"twitter:card\" content=\"summary_large_image\" \/>\n<meta name=\"twitter:label1\" content=\"Est. reading time\" \/>\n\t<meta name=\"twitter:data1\" content=\"1 minute\" \/>\n<script type=\"application\/ld+json\" class=\"yoast-schema-graph\">{\"@context\":\"https:\/\/schema.org\",\"@graph\":[{\"@type\":\"WebPage\",\"@id\":\"https:\/\/morganmadison.se\/en\/butik\/decor\/monstrade-prydnadskuddar-en\/black-and-white-deco-pillows\/\",\"url\":\"https:\/\/morganmadison.se\/en\/butik\/decor\/monstrade-prydnadskuddar-en\/black-and-white-deco-pillows\/\",\"name\":\"Black and White Deco Pillows - Morgan Madison\",\"isPartOf\":{\"@id\":\"https:\/\/morganmadison.se\/en\/#website\"},\"datePublished\":\"2019-02-21T18:16:01+00:00\",\"dateModified\":\"2023-04-12T13:46:05+00:00\",\"breadcrumb\":{\"@id\":\"https:\/\/morganmadison.se\/en\/butik\/decor\/monstrade-prydnadskuddar-en\/black-and-white-deco-pillows\/#breadcrumb\"},\"inLanguage\":\"en-US\",\"potentialAction\":[{\"@type\":\"ReadAction\",\"target\":[\"https:\/\/morganmadison.se\/en\/butik\/decor\/monstrade-prydnadskuddar-en\/black-and-white-deco-pillows\/\"]}]},{\"@type\":\"BreadcrumbList\",\"@id\":\"https:\/\/morganmadison.se\/en\/butik\/decor\/monstrade-prydnadskuddar-en\/black-and-white-deco-pillows\/#breadcrumb\",\"itemListElement\":[{\"@type\":\"ListItem\",\"position\":1,\"name\":\"Hem\",\"item\":\"https:\/\/morganmadison.se\/en\/?lang=en\"},{\"@type\":\"ListItem\",\"position\":2,\"name\":\"All products\",\"item\":\"https:\/\/morganmadison.se\/all-products\/?lang=en\"},{\"@type\":\"ListItem\",\"position\":3,\"name\":\"Black and White Deco Pillows\"}]},{\"@type\":\"WebSite\",\"@id\":\"https:\/\/morganmadison.se\/en\/#website\",\"url\":\"https:\/\/morganmadison.se\/en\/\",\"name\":\"Morgan Madison\",\"description\":\"Exclusive Collection for home interior\",\"potentialAction\":[{\"@type\":\"SearchAction\",\"target\":{\"@type\":\"EntryPoint\",\"urlTemplate\":\"https:\/\/morganmadison.se\/en\/?s={search_term_string}\"},\"query-input\":{\"@type\":\"PropertyValueSpecification\",\"valueRequired\":true,\"valueName\":\"search_term_string\"}}],\"inLanguage\":\"en-US\"}]}<\/script>\n<!-- \/ Yoast SEO plugin. -->","yoast_head_json":{"title":"Black and White Deco Pillows - Morgan Madison","robots":{"index":"index","follow":"follow","max-snippet":"max-snippet:-1","max-image-preview":"max-image-preview:large","max-video-preview":"max-video-preview:-1"},"canonical":"https:\/\/morganmadison.se\/en\/butik\/decor\/monstrade-prydnadskuddar-en\/black-and-white-deco-pillows\/","og_locale":"en_US","og_type":"article","og_title":"Black and White Deco Pillows - Morgan Madison","og_description":"Dekorationskudde i Jaquardv\u00e4v. Satin\/sammetsmix  Material: 100% polyester F\u00e4rg: Black\/White","og_url":"https:\/\/morganmadison.se\/en\/butik\/decor\/monstrade-prydnadskuddar-en\/black-and-white-deco-pillows\/","og_site_name":"Morgan Madison","article_modified_time":"2023-04-12T13:46:05+00:00","twitter_card":"summary_large_image","twitter_misc":{"Est. reading time":"1 minute"},"schema":{"@context":"https:\/\/schema.org","@graph":[{"@type":"WebPage","@id":"https:\/\/morganmadison.se\/en\/butik\/decor\/monstrade-prydnadskuddar-en\/black-and-white-deco-pillows\/","url":"https:\/\/morganmadison.se\/en\/butik\/decor\/monstrade-prydnadskuddar-en\/black-and-white-deco-pillows\/","name":"Black and White Deco Pillows - Morgan Madison","isPartOf":{"@id":"https:\/\/morganmadison.se\/en\/#website"},"datePublished":"2019-02-21T18:16:01+00:00","dateModified":"2023-04-12T13:46:05+00:00","breadcrumb":{"@id":"https:\/\/morganmadison.se\/en\/butik\/decor\/monstrade-prydnadskuddar-en\/black-and-white-deco-pillows\/#breadcrumb"},"inLanguage":"en-US","potentialAction":[{"@type":"ReadAction","target":["https:\/\/morganmadison.se\/en\/butik\/decor\/monstrade-prydnadskuddar-en\/black-and-white-deco-pillows\/"]}]},{"@type":"BreadcrumbList","@id":"https:\/\/morganmadison.se\/en\/butik\/decor\/monstrade-prydnadskuddar-en\/black-and-white-deco-pillows\/#breadcrumb","itemListElement":[{"@type":"ListItem","position":1,"name":"Hem","item":"https:\/\/morganmadison.se\/en\/?lang=en"},{"@type":"ListItem","position":2,"name":"All products","item":"https:\/\/morganmadison.se\/all-products\/?lang=en"},{"@type":"ListItem","position":3,"name":"Black and White Deco Pillows"}]},{"@type":"WebSite","@id":"https:\/\/morganmadison.se\/en\/#website","url":"https:\/\/morganmadison.se\/en\/","name":"Morgan Madison","description":"Exclusive Collection for home interior","potentialAction":[{"@type":"SearchAction","target":{"@type":"EntryPoint","urlTemplate":"https:\/\/morganmadison.se\/en\/?s={search_term_string}"},"query-input":{"@type":"PropertyValueSpecification","valueRequired":true,"valueName":"search_term_string"}}],"inLanguage":"en-US"}]}},"jetpack_sharing_enabled":true,"_links":{"self":[{"href":"https:\/\/morganmadison.se\/en\/wp-json\/wp\/v2\/product\/535","targetHints":{"allow":["GET"]}}],"collection":[{"href":"https:\/\/morganmadison.se\/en\/wp-json\/wp\/v2\/product"}],"about":[{"href":"https:\/\/morganmadison.se\/en\/wp-json\/wp\/v2\/types\/product"}],"replies":[{"embeddable":true,"href":"https:\/\/morganmadison.se\/en\/wp-json\/wp\/v2\/comments?post=535"}],"wp:attachment":[{"href":"https:\/\/morganmadison.se\/en\/wp-json\/wp\/v2\/media?parent=535"}],"wp:term":[{"taxonomy":"product_brand","embeddable":true,"href":"https:\/\/morganmadison.se\/en\/wp-json\/wp\/v2\/product_brand?post=535"},{"taxonomy":"product_cat","embeddable":true,"href":"https:\/\/morganmadison.se\/en\/wp-json\/wp\/v2\/product_cat?post=535"},{"taxonomy":"product_tag","embeddable":true,"href":"https:\/\/morganmadison.se\/en\/wp-json\/wp\/v2\/product_tag?post=535"}],"curies":[{"name":"wp","href":"https:\/\/api.w.org\/{rel}","templated":true}]}}