{"id":5763,"date":"2020-01-20T11:51:20","date_gmt":"2020-01-20T10:51:20","guid":{"rendered":"https:\/\/morganmadison.se\/butik\/uncategorized\/black-and-white-deco-pillow\/"},"modified":"2024-08-25T23:33:34","modified_gmt":"2024-08-25T21:33:34","slug":"black-and-white-deco-pillow","status":"publish","type":"product","link":"https:\/\/morganmadison.se\/en\/butik\/decor\/monstrade-prydnadskuddar-en\/black-and-white-deco-pillow\/","title":{"rendered":"Black and White Deco Pillow"},"content":{"rendered":"","protected":false},"excerpt":{"rendered":"<p><span style=\"font-weight: 400;\">Ett kuddfodral som tar dig till Marrakech.\u00a0Inspirerade av Marrakech och dess vita byggnader med svarta tak tog vi fram designen f\u00f6r v\u00e5rt kuddfodra d\u00e4r resultatet blev ett h\u00e4rligt marrakechm\u00f6nster som livar upp b\u00e5de soffa och s\u00e4ng. Kombinera med v\u00e5rt lyxiga ekologiska b\u00e4ddset med boudoirs\u00f6m f\u00f6r en riktig hotells\u00e4ngsk\u00e4nsla.<\/span><\/p>\n<p>Storlek: 50 x 50 cm<br \/>\nMaterial: 100 % Bomull<\/p>\n","protected":false},"featured_media":5422,"comment_status":"closed","ping_status":"closed","template":"","meta":{"_et_pb_use_builder":"","_et_pb_old_content":"","_et_gb_content_width":""},"product_brand":[],"product_cat":[128,176],"product_tag":[],"class_list":{"0":"post-5763","1":"product","2":"type-product","3":"status-publish","4":"has-post-thumbnail","6":"product_cat-decor","7":"product_cat-monstrade-prydnadskuddar-en","9":"first","10":"instock","11":"taxable","12":"shipping-taxable","13":"purchasable","14":"product-type-simple"},"yoast_head":"<!-- This site is optimized with the Yoast SEO plugin v27.2 - https:\/\/yoast.com\/product\/yoast-seo-wordpress\/ -->\n<title>Black and White Deco Pillow - Morgan Madison<\/title>\n<meta name=\"robots\" content=\"index, follow, max-snippet:-1, max-image-preview:large, max-video-preview:-1\" \/>\n<link rel=\"canonical\" href=\"https:\/\/morganmadison.se\/en\/butik\/decor\/monstrade-prydnadskuddar-en\/black-and-white-deco-pillow\/\" \/>\n<meta property=\"og:locale\" content=\"en_US\" \/>\n<meta property=\"og:type\" content=\"article\" \/>\n<meta property=\"og:title\" content=\"Black and White Deco Pillow - Morgan Madison\" \/>\n<meta property=\"og:description\" content=\"Ett kuddfodral som tar dig till Marrakech.\u00a0Inspirerade av Marrakech och dess vita byggnader med svarta tak tog vi fram designen f\u00f6r v\u00e5rt kuddfodra d\u00e4r resultatet blev ett h\u00e4rligt marrakechm\u00f6nster som livar upp b\u00e5de soffa och s\u00e4ng. Kombinera med v\u00e5rt lyxiga ekologiska b\u00e4ddset med boudoirs\u00f6m f\u00f6r en riktig hotells\u00e4ngsk\u00e4nsla.  Storlek: 50 x 50 cm Material: 100 % Bomull\" \/>\n<meta property=\"og:url\" content=\"https:\/\/morganmadison.se\/en\/butik\/decor\/monstrade-prydnadskuddar-en\/black-and-white-deco-pillow\/\" \/>\n<meta property=\"og:site_name\" content=\"Morgan Madison\" \/>\n<meta property=\"article:modified_time\" content=\"2024-08-25T21:33:34+00:00\" \/>\n<meta property=\"og:image\" content=\"https:\/\/i0.wp.com\/morganmadison.se\/wp-content\/uploads\/2021\/10\/Morgan-Madison-Black-and-White-Deco-Pillow_3.jpg?fit=1181%2C787&ssl=1\" \/>\n\t<meta property=\"og:image:width\" content=\"1181\" \/>\n\t<meta property=\"og:image:height\" content=\"787\" \/>\n\t<meta property=\"og:image:type\" content=\"image\/jpeg\" \/>\n<meta name=\"twitter:card\" content=\"summary_large_image\" \/>\n<script type=\"application\/ld+json\" class=\"yoast-schema-graph\">{\"@context\":\"https:\/\/schema.org\",\"@graph\":[{\"@type\":\"WebPage\",\"@id\":\"https:\/\/morganmadison.se\/en\/butik\/decor\/monstrade-prydnadskuddar-en\/black-and-white-deco-pillow\/\",\"url\":\"https:\/\/morganmadison.se\/en\/butik\/decor\/monstrade-prydnadskuddar-en\/black-and-white-deco-pillow\/\",\"name\":\"Black and White Deco Pillow - Morgan Madison\",\"isPartOf\":{\"@id\":\"https:\/\/morganmadison.se\/en\/#website\"},\"primaryImageOfPage\":{\"@id\":\"https:\/\/morganmadison.se\/en\/butik\/decor\/monstrade-prydnadskuddar-en\/black-and-white-deco-pillow\/#primaryimage\"},\"image\":{\"@id\":\"https:\/\/morganmadison.se\/en\/butik\/decor\/monstrade-prydnadskuddar-en\/black-and-white-deco-pillow\/#primaryimage\"},\"thumbnailUrl\":\"https:\/\/i0.wp.com\/morganmadison.se\/wp-content\/uploads\/2021\/10\/Morgan-Madison-Black-and-White-Deco-Pillow_3.jpg?fit=1181%2C787&ssl=1\",\"datePublished\":\"2020-01-20T10:51:20+00:00\",\"dateModified\":\"2024-08-25T21:33:34+00:00\",\"breadcrumb\":{\"@id\":\"https:\/\/morganmadison.se\/en\/butik\/decor\/monstrade-prydnadskuddar-en\/black-and-white-deco-pillow\/#breadcrumb\"},\"inLanguage\":\"en-US\",\"potentialAction\":[{\"@type\":\"ReadAction\",\"target\":[\"https:\/\/morganmadison.se\/en\/butik\/decor\/monstrade-prydnadskuddar-en\/black-and-white-deco-pillow\/\"]}]},{\"@type\":\"ImageObject\",\"inLanguage\":\"en-US\",\"@id\":\"https:\/\/morganmadison.se\/en\/butik\/decor\/monstrade-prydnadskuddar-en\/black-and-white-deco-pillow\/#primaryimage\",\"url\":\"https:\/\/i0.wp.com\/morganmadison.se\/wp-content\/uploads\/2021\/10\/Morgan-Madison-Black-and-White-Deco-Pillow_3.jpg?fit=1181%2C787&ssl=1\",\"contentUrl\":\"https:\/\/i0.wp.com\/morganmadison.se\/wp-content\/uploads\/2021\/10\/Morgan-Madison-Black-and-White-Deco-Pillow_3.jpg?fit=1181%2C787&ssl=1\",\"width\":1181,\"height\":787},{\"@type\":\"BreadcrumbList\",\"@id\":\"https:\/\/morganmadison.se\/en\/butik\/decor\/monstrade-prydnadskuddar-en\/black-and-white-deco-pillow\/#breadcrumb\",\"itemListElement\":[{\"@type\":\"ListItem\",\"position\":1,\"name\":\"Hem\",\"item\":\"https:\/\/morganmadison.se\/en\/?lang=en\"},{\"@type\":\"ListItem\",\"position\":2,\"name\":\"All products\",\"item\":\"https:\/\/morganmadison.se\/all-products\/?lang=en\"},{\"@type\":\"ListItem\",\"position\":3,\"name\":\"Black and White Deco Pillow\"}]},{\"@type\":\"WebSite\",\"@id\":\"https:\/\/morganmadison.se\/en\/#website\",\"url\":\"https:\/\/morganmadison.se\/en\/\",\"name\":\"Morgan Madison\",\"description\":\"Exclusive Collection for home interior\",\"potentialAction\":[{\"@type\":\"SearchAction\",\"target\":{\"@type\":\"EntryPoint\",\"urlTemplate\":\"https:\/\/morganmadison.se\/en\/?s={search_term_string}\"},\"query-input\":{\"@type\":\"PropertyValueSpecification\",\"valueRequired\":true,\"valueName\":\"search_term_string\"}}],\"inLanguage\":\"en-US\"}]}<\/script>\n<!-- \/ Yoast SEO plugin. -->","yoast_head_json":{"title":"Black and White Deco Pillow - Morgan Madison","robots":{"index":"index","follow":"follow","max-snippet":"max-snippet:-1","max-image-preview":"max-image-preview:large","max-video-preview":"max-video-preview:-1"},"canonical":"https:\/\/morganmadison.se\/en\/butik\/decor\/monstrade-prydnadskuddar-en\/black-and-white-deco-pillow\/","og_locale":"en_US","og_type":"article","og_title":"Black and White Deco Pillow - Morgan Madison","og_description":"Ett kuddfodral som tar dig till Marrakech.\u00a0Inspirerade av Marrakech och dess vita byggnader med svarta tak tog vi fram designen f\u00f6r v\u00e5rt kuddfodra d\u00e4r resultatet blev ett h\u00e4rligt marrakechm\u00f6nster som livar upp b\u00e5de soffa och s\u00e4ng. Kombinera med v\u00e5rt lyxiga ekologiska b\u00e4ddset med boudoirs\u00f6m f\u00f6r en riktig hotells\u00e4ngsk\u00e4nsla.  Storlek: 50 x 50 cm Material: 100 % Bomull","og_url":"https:\/\/morganmadison.se\/en\/butik\/decor\/monstrade-prydnadskuddar-en\/black-and-white-deco-pillow\/","og_site_name":"Morgan Madison","article_modified_time":"2024-08-25T21:33:34+00:00","og_image":[{"width":1181,"height":787,"url":"https:\/\/i0.wp.com\/morganmadison.se\/wp-content\/uploads\/2021\/10\/Morgan-Madison-Black-and-White-Deco-Pillow_3.jpg?fit=1181%2C787&ssl=1","type":"image\/jpeg"}],"twitter_card":"summary_large_image","schema":{"@context":"https:\/\/schema.org","@graph":[{"@type":"WebPage","@id":"https:\/\/morganmadison.se\/en\/butik\/decor\/monstrade-prydnadskuddar-en\/black-and-white-deco-pillow\/","url":"https:\/\/morganmadison.se\/en\/butik\/decor\/monstrade-prydnadskuddar-en\/black-and-white-deco-pillow\/","name":"Black and White Deco Pillow - Morgan Madison","isPartOf":{"@id":"https:\/\/morganmadison.se\/en\/#website"},"primaryImageOfPage":{"@id":"https:\/\/morganmadison.se\/en\/butik\/decor\/monstrade-prydnadskuddar-en\/black-and-white-deco-pillow\/#primaryimage"},"image":{"@id":"https:\/\/morganmadison.se\/en\/butik\/decor\/monstrade-prydnadskuddar-en\/black-and-white-deco-pillow\/#primaryimage"},"thumbnailUrl":"https:\/\/i0.wp.com\/morganmadison.se\/wp-content\/uploads\/2021\/10\/Morgan-Madison-Black-and-White-Deco-Pillow_3.jpg?fit=1181%2C787&ssl=1","datePublished":"2020-01-20T10:51:20+00:00","dateModified":"2024-08-25T21:33:34+00:00","breadcrumb":{"@id":"https:\/\/morganmadison.se\/en\/butik\/decor\/monstrade-prydnadskuddar-en\/black-and-white-deco-pillow\/#breadcrumb"},"inLanguage":"en-US","potentialAction":[{"@type":"ReadAction","target":["https:\/\/morganmadison.se\/en\/butik\/decor\/monstrade-prydnadskuddar-en\/black-and-white-deco-pillow\/"]}]},{"@type":"ImageObject","inLanguage":"en-US","@id":"https:\/\/morganmadison.se\/en\/butik\/decor\/monstrade-prydnadskuddar-en\/black-and-white-deco-pillow\/#primaryimage","url":"https:\/\/i0.wp.com\/morganmadison.se\/wp-content\/uploads\/2021\/10\/Morgan-Madison-Black-and-White-Deco-Pillow_3.jpg?fit=1181%2C787&ssl=1","contentUrl":"https:\/\/i0.wp.com\/morganmadison.se\/wp-content\/uploads\/2021\/10\/Morgan-Madison-Black-and-White-Deco-Pillow_3.jpg?fit=1181%2C787&ssl=1","width":1181,"height":787},{"@type":"BreadcrumbList","@id":"https:\/\/morganmadison.se\/en\/butik\/decor\/monstrade-prydnadskuddar-en\/black-and-white-deco-pillow\/#breadcrumb","itemListElement":[{"@type":"ListItem","position":1,"name":"Hem","item":"https:\/\/morganmadison.se\/en\/?lang=en"},{"@type":"ListItem","position":2,"name":"All products","item":"https:\/\/morganmadison.se\/all-products\/?lang=en"},{"@type":"ListItem","position":3,"name":"Black and White Deco Pillow"}]},{"@type":"WebSite","@id":"https:\/\/morganmadison.se\/en\/#website","url":"https:\/\/morganmadison.se\/en\/","name":"Morgan Madison","description":"Exclusive Collection for home interior","potentialAction":[{"@type":"SearchAction","target":{"@type":"EntryPoint","urlTemplate":"https:\/\/morganmadison.se\/en\/?s={search_term_string}"},"query-input":{"@type":"PropertyValueSpecification","valueRequired":true,"valueName":"search_term_string"}}],"inLanguage":"en-US"}]}},"jetpack_sharing_enabled":true,"_links":{"self":[{"href":"https:\/\/morganmadison.se\/en\/wp-json\/wp\/v2\/product\/5763","targetHints":{"allow":["GET"]}}],"collection":[{"href":"https:\/\/morganmadison.se\/en\/wp-json\/wp\/v2\/product"}],"about":[{"href":"https:\/\/morganmadison.se\/en\/wp-json\/wp\/v2\/types\/product"}],"replies":[{"embeddable":true,"href":"https:\/\/morganmadison.se\/en\/wp-json\/wp\/v2\/comments?post=5763"}],"wp:featuredmedia":[{"embeddable":true,"href":"https:\/\/morganmadison.se\/en\/wp-json\/wp\/v2\/media\/5422"}],"wp:attachment":[{"href":"https:\/\/morganmadison.se\/en\/wp-json\/wp\/v2\/media?parent=5763"}],"wp:term":[{"taxonomy":"product_brand","embeddable":true,"href":"https:\/\/morganmadison.se\/en\/wp-json\/wp\/v2\/product_brand?post=5763"},{"taxonomy":"product_cat","embeddable":true,"href":"https:\/\/morganmadison.se\/en\/wp-json\/wp\/v2\/product_cat?post=5763"},{"taxonomy":"product_tag","embeddable":true,"href":"https:\/\/morganmadison.se\/en\/wp-json\/wp\/v2\/product_tag?post=5763"}],"curies":[{"name":"wp","href":"https:\/\/api.w.org\/{rel}","templated":true}]}}