{"id":779,"date":"2019-02-22T13:27:24","date_gmt":"2019-02-22T12:27:24","guid":{"rendered":"https:\/\/morganmadison.se\/?post_type=product&#038;p=779"},"modified":"2023-04-12T15:46:02","modified_gmt":"2023-04-12T13:46:02","slug":"deco-pillow","status":"publish","type":"product","link":"https:\/\/morganmadison.se\/en\/butik\/decor\/monstrade-prydnadskuddar-en\/deco-pillow\/","title":{"rendered":"Deco Pillow"},"content":{"rendered":"<p><strong>Produkt<\/strong>: Deco Pillow<br \/>\n<strong>Kategori<\/strong>: Dekorationskudde<br \/>\n<strong>Beskrivning<\/strong>: Satin\/sammetsmix jaquardv\u00e4v<br \/>\n<strong>F\u00e4rg<\/strong>: Dark Pink\/Mustard\/Flower<br \/>\n<strong>M\u00e5tt<\/strong>: 30x45cm\/50x60cm<br \/>\n<strong>Kvalitet<\/strong>: 100% polyester<br \/>\n<strong>Tv\u00e4ttr\u00e5d<\/strong>: Maskintv\u00e4tt 30 grader<\/p>\n","protected":false},"excerpt":{"rendered":"<p>Produkt: Deco Pillow Kategori: Dekorationskudde Beskrivning: Satin\/sammetsmix jaquardv\u00e4v F\u00e4rg: Dark Pink\/Mustard\/Flower M\u00e5tt: 30x45cm\/50x60cm Kvalitet: 100% polyester Tv\u00e4ttr\u00e5d: Maskintv\u00e4tt 30 grader<\/p>\n","protected":false},"featured_media":622,"comment_status":"closed","ping_status":"closed","template":"","meta":{"_et_pb_use_builder":"","_et_pb_old_content":"","_et_gb_content_width":""},"product_brand":[],"product_cat":[102,172],"product_tag":[92,86,89],"class_list":{"0":"post-779","1":"product","2":"type-product","3":"status-publish","4":"has-post-thumbnail","6":"product_cat-deko","7":"product_cat-monstrade-prydnadskuddar","8":"product_tag-ada","9":"product_tag-icing-kuddar","10":"product_tag-inredning","12":"first","13":"outofstock","14":"taxable","15":"shipping-taxable","16":"purchasable","17":"product-type-variable"},"yoast_head":"<!-- This site is optimized with the Yoast SEO plugin v27.2 - https:\/\/yoast.com\/product\/yoast-seo-wordpress\/ -->\n<title>Deco Pillow - Morgan Madison<\/title>\n<meta name=\"robots\" content=\"index, follow, max-snippet:-1, max-image-preview:large, max-video-preview:-1\" \/>\n<link rel=\"canonical\" href=\"https:\/\/morganmadison.se\/en\/butik\/decor\/monstrade-prydnadskuddar-en\/deco-pillow\/\" \/>\n<meta property=\"og:locale\" content=\"en_US\" \/>\n<meta property=\"og:type\" content=\"article\" \/>\n<meta property=\"og:title\" content=\"Deco Pillow - Morgan Madison\" \/>\n<meta property=\"og:description\" content=\"Produkt: Deco Pillow Kategori: Dekorationskudde Beskrivning: Satin\/sammetsmix jaquardv\u00e4v F\u00e4rg: Dark Pink\/Mustard\/Flower M\u00e5tt: 30x45cm\/50x60cm Kvalitet: 100% polyester Tv\u00e4ttr\u00e5d: Maskintv\u00e4tt 30 grader\" \/>\n<meta property=\"og:url\" content=\"https:\/\/morganmadison.se\/en\/butik\/decor\/monstrade-prydnadskuddar-en\/deco-pillow\/\" \/>\n<meta property=\"og:site_name\" content=\"Morgan Madison\" \/>\n<meta property=\"article:modified_time\" content=\"2023-04-12T13:46:02+00:00\" \/>\n<meta property=\"og:image\" content=\"https:\/\/morganmadison.se\/wp-content\/uploads\/2019\/02\/ateljelena-fotograf-morganmadison-srgb-2316.jpg\" \/>\n\t<meta property=\"og:image:width\" content=\"533\" \/>\n\t<meta property=\"og:image:height\" content=\"533\" \/>\n\t<meta property=\"og:image:type\" content=\"image\/jpeg\" \/>\n<meta name=\"twitter:card\" content=\"summary_large_image\" \/>\n<script type=\"application\/ld+json\" class=\"yoast-schema-graph\">{\"@context\":\"https:\/\/schema.org\",\"@graph\":[{\"@type\":\"WebPage\",\"@id\":\"https:\/\/morganmadison.se\/en\/butik\/decor\/monstrade-prydnadskuddar-en\/deco-pillow\/\",\"url\":\"https:\/\/morganmadison.se\/en\/butik\/decor\/monstrade-prydnadskuddar-en\/deco-pillow\/\",\"name\":\"Deco Pillow - Morgan Madison\",\"isPartOf\":{\"@id\":\"https:\/\/morganmadison.se\/en\/#website\"},\"primaryImageOfPage\":{\"@id\":\"https:\/\/morganmadison.se\/en\/butik\/decor\/monstrade-prydnadskuddar-en\/deco-pillow\/#primaryimage\"},\"image\":{\"@id\":\"https:\/\/morganmadison.se\/en\/butik\/decor\/monstrade-prydnadskuddar-en\/deco-pillow\/#primaryimage\"},\"thumbnailUrl\":\"https:\/\/i0.wp.com\/morganmadison.se\/wp-content\/uploads\/2019\/02\/ateljelena-fotograf-morganmadison-srgb-2316.jpg?fit=533%2C533&ssl=1\",\"datePublished\":\"2019-02-22T12:27:24+00:00\",\"dateModified\":\"2023-04-12T13:46:02+00:00\",\"breadcrumb\":{\"@id\":\"https:\/\/morganmadison.se\/en\/butik\/decor\/monstrade-prydnadskuddar-en\/deco-pillow\/#breadcrumb\"},\"inLanguage\":\"en-US\",\"potentialAction\":[{\"@type\":\"ReadAction\",\"target\":[\"https:\/\/morganmadison.se\/en\/butik\/decor\/monstrade-prydnadskuddar-en\/deco-pillow\/\"]}]},{\"@type\":\"ImageObject\",\"inLanguage\":\"en-US\",\"@id\":\"https:\/\/morganmadison.se\/en\/butik\/decor\/monstrade-prydnadskuddar-en\/deco-pillow\/#primaryimage\",\"url\":\"https:\/\/i0.wp.com\/morganmadison.se\/wp-content\/uploads\/2019\/02\/ateljelena-fotograf-morganmadison-srgb-2316.jpg?fit=533%2C533&ssl=1\",\"contentUrl\":\"https:\/\/i0.wp.com\/morganmadison.se\/wp-content\/uploads\/2019\/02\/ateljelena-fotograf-morganmadison-srgb-2316.jpg?fit=533%2C533&ssl=1\",\"width\":533,\"height\":533},{\"@type\":\"BreadcrumbList\",\"@id\":\"https:\/\/morganmadison.se\/en\/butik\/decor\/monstrade-prydnadskuddar-en\/deco-pillow\/#breadcrumb\",\"itemListElement\":[{\"@type\":\"ListItem\",\"position\":1,\"name\":\"Hem\",\"item\":\"https:\/\/morganmadison.se\/en\/?lang=en\"},{\"@type\":\"ListItem\",\"position\":2,\"name\":\"All products\",\"item\":\"https:\/\/morganmadison.se\/all-products\/?lang=en\"},{\"@type\":\"ListItem\",\"position\":3,\"name\":\"Deco Pillow\"}]},{\"@type\":\"WebSite\",\"@id\":\"https:\/\/morganmadison.se\/en\/#website\",\"url\":\"https:\/\/morganmadison.se\/en\/\",\"name\":\"Morgan Madison\",\"description\":\"Exclusive Collection for home interior\",\"potentialAction\":[{\"@type\":\"SearchAction\",\"target\":{\"@type\":\"EntryPoint\",\"urlTemplate\":\"https:\/\/morganmadison.se\/en\/?s={search_term_string}\"},\"query-input\":{\"@type\":\"PropertyValueSpecification\",\"valueRequired\":true,\"valueName\":\"search_term_string\"}}],\"inLanguage\":\"en-US\"}]}<\/script>\n<!-- \/ Yoast SEO plugin. -->","yoast_head_json":{"title":"Deco Pillow - Morgan Madison","robots":{"index":"index","follow":"follow","max-snippet":"max-snippet:-1","max-image-preview":"max-image-preview:large","max-video-preview":"max-video-preview:-1"},"canonical":"https:\/\/morganmadison.se\/en\/butik\/decor\/monstrade-prydnadskuddar-en\/deco-pillow\/","og_locale":"en_US","og_type":"article","og_title":"Deco Pillow - Morgan Madison","og_description":"Produkt: Deco Pillow Kategori: Dekorationskudde Beskrivning: Satin\/sammetsmix jaquardv\u00e4v F\u00e4rg: Dark Pink\/Mustard\/Flower M\u00e5tt: 30x45cm\/50x60cm Kvalitet: 100% polyester Tv\u00e4ttr\u00e5d: Maskintv\u00e4tt 30 grader","og_url":"https:\/\/morganmadison.se\/en\/butik\/decor\/monstrade-prydnadskuddar-en\/deco-pillow\/","og_site_name":"Morgan Madison","article_modified_time":"2023-04-12T13:46:02+00:00","og_image":[{"width":533,"height":533,"url":"https:\/\/morganmadison.se\/wp-content\/uploads\/2019\/02\/ateljelena-fotograf-morganmadison-srgb-2316.jpg","type":"image\/jpeg"}],"twitter_card":"summary_large_image","schema":{"@context":"https:\/\/schema.org","@graph":[{"@type":"WebPage","@id":"https:\/\/morganmadison.se\/en\/butik\/decor\/monstrade-prydnadskuddar-en\/deco-pillow\/","url":"https:\/\/morganmadison.se\/en\/butik\/decor\/monstrade-prydnadskuddar-en\/deco-pillow\/","name":"Deco Pillow - Morgan Madison","isPartOf":{"@id":"https:\/\/morganmadison.se\/en\/#website"},"primaryImageOfPage":{"@id":"https:\/\/morganmadison.se\/en\/butik\/decor\/monstrade-prydnadskuddar-en\/deco-pillow\/#primaryimage"},"image":{"@id":"https:\/\/morganmadison.se\/en\/butik\/decor\/monstrade-prydnadskuddar-en\/deco-pillow\/#primaryimage"},"thumbnailUrl":"https:\/\/i0.wp.com\/morganmadison.se\/wp-content\/uploads\/2019\/02\/ateljelena-fotograf-morganmadison-srgb-2316.jpg?fit=533%2C533&ssl=1","datePublished":"2019-02-22T12:27:24+00:00","dateModified":"2023-04-12T13:46:02+00:00","breadcrumb":{"@id":"https:\/\/morganmadison.se\/en\/butik\/decor\/monstrade-prydnadskuddar-en\/deco-pillow\/#breadcrumb"},"inLanguage":"en-US","potentialAction":[{"@type":"ReadAction","target":["https:\/\/morganmadison.se\/en\/butik\/decor\/monstrade-prydnadskuddar-en\/deco-pillow\/"]}]},{"@type":"ImageObject","inLanguage":"en-US","@id":"https:\/\/morganmadison.se\/en\/butik\/decor\/monstrade-prydnadskuddar-en\/deco-pillow\/#primaryimage","url":"https:\/\/i0.wp.com\/morganmadison.se\/wp-content\/uploads\/2019\/02\/ateljelena-fotograf-morganmadison-srgb-2316.jpg?fit=533%2C533&ssl=1","contentUrl":"https:\/\/i0.wp.com\/morganmadison.se\/wp-content\/uploads\/2019\/02\/ateljelena-fotograf-morganmadison-srgb-2316.jpg?fit=533%2C533&ssl=1","width":533,"height":533},{"@type":"BreadcrumbList","@id":"https:\/\/morganmadison.se\/en\/butik\/decor\/monstrade-prydnadskuddar-en\/deco-pillow\/#breadcrumb","itemListElement":[{"@type":"ListItem","position":1,"name":"Hem","item":"https:\/\/morganmadison.se\/en\/?lang=en"},{"@type":"ListItem","position":2,"name":"All products","item":"https:\/\/morganmadison.se\/all-products\/?lang=en"},{"@type":"ListItem","position":3,"name":"Deco Pillow"}]},{"@type":"WebSite","@id":"https:\/\/morganmadison.se\/en\/#website","url":"https:\/\/morganmadison.se\/en\/","name":"Morgan Madison","description":"Exclusive Collection for home interior","potentialAction":[{"@type":"SearchAction","target":{"@type":"EntryPoint","urlTemplate":"https:\/\/morganmadison.se\/en\/?s={search_term_string}"},"query-input":{"@type":"PropertyValueSpecification","valueRequired":true,"valueName":"search_term_string"}}],"inLanguage":"en-US"}]}},"jetpack_sharing_enabled":true,"_links":{"self":[{"href":"https:\/\/morganmadison.se\/en\/wp-json\/wp\/v2\/product\/779","targetHints":{"allow":["GET"]}}],"collection":[{"href":"https:\/\/morganmadison.se\/en\/wp-json\/wp\/v2\/product"}],"about":[{"href":"https:\/\/morganmadison.se\/en\/wp-json\/wp\/v2\/types\/product"}],"replies":[{"embeddable":true,"href":"https:\/\/morganmadison.se\/en\/wp-json\/wp\/v2\/comments?post=779"}],"wp:featuredmedia":[{"embeddable":true,"href":"https:\/\/morganmadison.se\/en\/wp-json\/wp\/v2\/media\/622"}],"wp:attachment":[{"href":"https:\/\/morganmadison.se\/en\/wp-json\/wp\/v2\/media?parent=779"}],"wp:term":[{"taxonomy":"product_brand","embeddable":true,"href":"https:\/\/morganmadison.se\/en\/wp-json\/wp\/v2\/product_brand?post=779"},{"taxonomy":"product_cat","embeddable":true,"href":"https:\/\/morganmadison.se\/en\/wp-json\/wp\/v2\/product_cat?post=779"},{"taxonomy":"product_tag","embeddable":true,"href":"https:\/\/morganmadison.se\/en\/wp-json\/wp\/v2\/product_tag?post=779"}],"curies":[{"name":"wp","href":"https:\/\/api.w.org\/{rel}","templated":true}]}}